{"id":1237,"date":"2015-12-28T18:57:54","date_gmt":"2015-12-28T16:57:54","guid":{"rendered":"http:\/\/www.aviationmuseum.eu\/Blogvorm\/?page_id=1237"},"modified":"2025-02-25T20:19:28","modified_gmt":"2025-02-25T18:19:28","slug":"letecke-muzeum-destna","status":"publish","type":"page","link":"https:\/\/aviationmuseum.eu\/Blogvorm\/letecke-muzeum-destna\/","title":{"rendered":"Leteck\u00e9 muzeum &#8211; De\u0161tn\u00e1"},"content":{"rendered":"\n<p>The <strong>Aviation Museum in De\u0161tn\u00e1 (Leteck\u00e9 muzeum De\u0161tn\u00e1)<\/strong> is a specialized museum dedicated to preserving and showcasing the history of aviation in the <strong>Czech Republic<\/strong>, with a particular focus on World War II and post-war aviation. Located in the small town of De\u0161tn\u00e1 in South Bohemia, this museum offers a unique opportunity to explore the stories of <strong>Czech aviators<\/strong> and the evolution of aircraft technology.<\/p>\n\n\n\n<p><strong>Leteck\u00e9 muzeum &#8211; De\u0161tn\u00e1 (Aviation Museum Destna)<\/strong><\/p>\n\n\n\n<p>N\u00e1m\u011bst\u00ed M\u00edru 61<\/p>\n\n\n\n<p>378 25 De\u0161tn\u00e1<\/p>\n\n\n\n<p><a href=\"http:\/\/www.aviationmuseum.eu\/Blogvorm\/2015\/05\/25\/czech-republic\/\"> Czechia <\/a><\/p>\n\n\n\n<p><a href=\"mailto:mesto@destna.cz\">Burian.vladislav@seznam.cz<\/a><\/p>\n\n\n\n<p>+420 723 518 377<\/p>\n\n\n\n<p>Tuesday &#8211; Sunday (closed<span id=\"result_box\" lang=\"en\"> Mondays) &#8211; 0<\/span><span id=\"result_box\" lang=\"en\">9:30 <\/span> &#8211; 17:00<\/p>\n\n\n\n<p>Admission fee<\/p>\n\n\n\n<figure class=\"wp-block-image\"><a href=\"https:\/\/www.facebook.com\/leteckemuzeum\" target=\"_blank\" rel=\"noopener\"><img decoding=\"async\" src=\"http:\/\/www.aviationmuseum.eu\/World\/facebook.jpg\" alt=\"\"\/><\/a><\/figure>\n\n\n\n<p><iframe loading=\"lazy\" style=\"border: 0;\" src=\"https:\/\/www.google.com\/maps\/embed?pb=!1m18!1m12!1m3!1d666519.9709874564!2d14.362708601950153!3d49.26514767993416!2m3!1f0!2f0!3f0!3m2!1i1024!2i768!4f13.1!3m3!1m2!1s0x470cc6f280fb08e5%3A0x6411b285404b4bba!2zTGV0ZWNrw6kgbXV6ZXVtIC0gRGXFoXRuw6E!5e0!3m2!1snl!2snl!4v1451321844409\" width=\"600\" height=\"450\" frameborder=\"0\" allowfullscreen=\"allowfullscreen\"><\/iframe><\/p>\n\n\n\n<h3 class=\"wp-block-heading\">Aircraft collection<\/h3>\n\n\n\n<figure class=\"wp-block-image\"><a href=\"http:\/\/www.aviationmuseum.eu\/Blogvorm\/letecke-muzeum-destna\/letecke-muzeum-destna-2\/\" rel=\"attachment wp-att-1242\"><img loading=\"lazy\" decoding=\"async\" width=\"240\" height=\"159\" src=\"http:\/\/www.aviationmuseum.eu\/Blogvorm\/wp-content\/uploads\/2015\/12\/Letecke-Muzeum-Destna-240x159.jpeg\" alt=\"Letecke Muzeum Destna\" class=\"wp-image-1242\"\/><\/a><\/figure>\n\n\n\n<figure class=\"wp-block-table\"><table class=\"has-fixed-layout\"><tbody><tr><td>&#8211;<p><\/p>\n<p>&#8211;<\/p>\n<p>&#8211;<\/p>\n<p>&#8211;<\/p>\n<p>&#8211;<\/p>\n<p>OK-48O7<\/p>\n<p>&#8211;<\/p>\n<p>&#8211;<\/p>\n<p>&#8211;<\/p>\n<p>OK-5393<\/p><\/td><td>Avia B-33 (cocpit)<p><\/p>\n<p>Fiesler Fi 103&nbsp; <span lang=\"DE\">Vergeltungswaffe V-1 (replica<\/span><span lang=\"DE\">)<\/span><\/p>\n<p>Hang-glider (operational)<\/p>\n<p>Ilyushin Il-10<\/p>\n<p>Let L-13 Blanik (cocpit)<\/p>\n<p>Let L-13 Blanik<\/p>\n<p>Letov L-39 Albatros&nbsp; (fuselage)<\/p>\n<p>Mignet HM-14 Pou-du-Ciel (operational replica)<\/p>\n<p>Mikoyan Gurevich MiG-15UTI<\/p>\n<p>Zlin L-425 Sohaj 3<\/p><\/td><\/tr><\/tbody><\/table><\/figure>\n\n\n\n<h3 class=\"wp-block-heading\">Exhibitions and Highlights<\/h3>\n\n\n\n<p>The <strong>Aviation Museum in De\u0161tn\u00e1 (Leteck\u00e9 muzeum De\u0161tn\u00e1)<\/strong> features a range of exhibits that appeal to aviation enthusiasts and history buffs alike:<\/p>\n\n\n\n<ul class=\"wp-block-list\">\n<li><strong>Aircraft Displays<\/strong>: Includes restored and replica aircraft, primarily from the WWII era and the Cold War.<\/li>\n\n\n\n<li><strong>History of Czech Aviators<\/strong>: Chronicles the contributions of Czechoslovak pilots, especially those who served in the Royal Air Force (RAF) during WWII.<\/li>\n\n\n\n<li><strong>Aeronautical Technology<\/strong>: Exhibits parts of aircraft engines, avionics, and other technical components.<\/li>\n\n\n\n<li><strong>Personal Artifacts<\/strong>: Displays of uniforms, medals, photographs, and letters from pilots.<\/li>\n\n\n\n<li><strong>Interactive Exhibits<\/strong>: Opportunities for visitors to engage with hands-on displays and learn about flight mechanics.<\/li>\n<\/ul>\n\n\n\n<h3 class=\"wp-block-heading\">Special Features<\/h3>\n\n\n\n<ul class=\"wp-block-list\">\n<li><strong>Tribute to WWII Pilots<\/strong>: A detailed account of the lives and missions of Czechoslovak pilots who fought abroad.<\/li>\n<\/ul>\n\n\n\n<p>The exhibition maps the development of both civil and army aviation. It also focuses on the fates of Czechoslovak pilots, who fought in World War II. This milestone of national history, which was neglected for decades by communist regime, is remembered by items from estate of fallen war veterans and memorial room. The museum introduces the greatest legends of Czech aviation as well.<\/p>\n","protected":false},"excerpt":{"rendered":"<p>The Aviation Museum in De\u0161tn\u00e1 (Leteck\u00e9 muzeum De\u0161tn\u00e1) is a specialized museum dedicated to preserving and showcasing the history of aviation in the Czech Republic,&#8230;<\/p>\n","protected":false},"author":2,"featured_media":0,"parent":0,"menu_order":0,"comment_status":"closed","ping_status":"closed","template":"","meta":{"footnotes":""},"class_list":["post-1237","page","type-page","status-publish","hentry"],"_links":{"self":[{"href":"https:\/\/aviationmuseum.eu\/Blogvorm\/wp-json\/wp\/v2\/pages\/1237","targetHints":{"allow":["GET"]}}],"collection":[{"href":"https:\/\/aviationmuseum.eu\/Blogvorm\/wp-json\/wp\/v2\/pages"}],"about":[{"href":"https:\/\/aviationmuseum.eu\/Blogvorm\/wp-json\/wp\/v2\/types\/page"}],"author":[{"embeddable":true,"href":"https:\/\/aviationmuseum.eu\/Blogvorm\/wp-json\/wp\/v2\/users\/2"}],"replies":[{"embeddable":true,"href":"https:\/\/aviationmuseum.eu\/Blogvorm\/wp-json\/wp\/v2\/comments?post=1237"}],"version-history":[{"count":7,"href":"https:\/\/aviationmuseum.eu\/Blogvorm\/wp-json\/wp\/v2\/pages\/1237\/revisions"}],"predecessor-version":[{"id":34206,"href":"https:\/\/aviationmuseum.eu\/Blogvorm\/wp-json\/wp\/v2\/pages\/1237\/revisions\/34206"}],"wp:attachment":[{"href":"https:\/\/aviationmuseum.eu\/Blogvorm\/wp-json\/wp\/v2\/media?parent=1237"}],"curies":[{"name":"wp","href":"https:\/\/api.w.org\/{rel}","templated":true}]}}