{"id":13006,"date":"2017-11-24T15:43:03","date_gmt":"2017-11-24T13:43:03","guid":{"rendered":"http:\/\/www.aviationmuseum.eu\/Blogvorm\/?page_id=13006"},"modified":"2025-02-22T19:48:56","modified_gmt":"2025-02-22T17:48:56","slug":"museu-de-armas-veiculos-e-maquinas-eduardo-andre-matarazzo","status":"publish","type":"page","link":"https:\/\/aviationmuseum.eu\/Blogvorm\/museu-de-armas-veiculos-e-maquinas-eduardo-andre-matarazzo\/","title":{"rendered":"Museu Eduardo A. Matarazzo"},"content":{"rendered":"\n<p><strong>Museu de Armas, Ve\u00edculos e M\u00e1quinas Eduardo Andr\u00e9 Matarazzo<\/strong><\/p>\n\n\n\n<p><span class=\"section-info-text\">Av. S\u00e9rgio Sessa Stamato, s\/n &#8211; Centro <\/span><\/p>\n\n\n\n<p><span class=\"section-info-text\">Bebedouro &#8211; SP, 14700-000<\/span><\/p>\n\n\n\n<p><a href=\"http:\/\/www.aviationmuseum.eu\/Blogvorm\/2015\/05\/05\/brazil\/\"><span class=\"section-info-text\"> Brazil<\/span><\/a><\/p>\n\n\n\n<p><span class=\"section-info-text\">+55 17 3343-1033<\/span><\/p>\n\n\n\n<p>Thursday &#8211; Sunday 09:00 &#8211; 16:30<\/p>\n\n\n\n<p>Closed Monday, Tuesday, Wednesday<\/p>\n\n\n\n<p>Admission fee<\/p>\n\n\n\n<p><iframe loading=\"lazy\" style=\"border: 0;\" src=\"https:\/\/www.google.com\/maps\/embed?pb=!1m18!1m12!1m3!1d238846.7017040813!2d-48.6152124874248!3d-20.95183459651002!2m3!1f0!2f0!3f0!3m2!1i1024!2i768!4f13.1!3m3!1m2!1s0x0%3A0x81dfa43f154b053e!2sMuseu+de+Armas%2C+Ve%C3%ADculos+e+M%C3%A1quinas+Eduardo+Andr%C3%A9+Matarazzo!5e0!3m2!1sen!2sus!4v1511528861625\" width=\"600\" height=\"450\" frameborder=\"0\" allowfullscreen=\"allowfullscreen\"><\/iframe><\/p>\n\n\n\n<h3 class=\"wp-block-heading\">Aircraft collection<\/h3>\n\n\n\n<figure class=\"wp-block-image size-large\"><a href=\"http:\/\/www.aviationmuseum.eu\/Blogvorm\/museu-de-armas-veiculos-e-maquinas-eduardo-andre-matarazzo\/saab-90a-2-scandia\/\" rel=\"attachment wp-att-13007\"><img loading=\"lazy\" decoding=\"async\" width=\"728\" height=\"509\" src=\"https:\/\/www.aviationmuseum.eu\/Blogvorm\/wp-content\/uploads\/2017\/11\/Saab-90A-2-Scandia-728x509.jpg\" alt=\"Saab 90A-2 Scandia PP-SQR, Museu Eduardo Andr\u00e9 Matarazzo, Bebedouro, Brazil\" class=\"wp-image-13007\" srcset=\"https:\/\/aviationmuseum.eu\/Blogvorm\/wp-content\/uploads\/2017\/11\/Saab-90A-2-Scandia-728x509.jpg 728w, https:\/\/aviationmuseum.eu\/Blogvorm\/wp-content\/uploads\/2017\/11\/Saab-90A-2-Scandia-240x168.jpg 240w, https:\/\/aviationmuseum.eu\/Blogvorm\/wp-content\/uploads\/2017\/11\/Saab-90A-2-Scandia-420x294.jpg 420w, https:\/\/aviationmuseum.eu\/Blogvorm\/wp-content\/uploads\/2017\/11\/Saab-90A-2-Scandia-600x420.jpg 600w, https:\/\/aviationmuseum.eu\/Blogvorm\/wp-content\/uploads\/2017\/11\/Saab-90A-2-Scandia.jpg 1024w\" sizes=\"auto, (max-width: 728px) 100vw, 728px\" \/><\/a><\/figure>\n\n\n\n<p>Saab 90A-2 Scandia PP-SQR<\/p>\n\n\n\n<figure class=\"wp-block-table\"><table class=\"has-fixed-layout\"><tbody><tr><td>2850<p><\/p>\n<p>PP-VDG<\/p>\n<p>PP-VCE<\/p>\n<p><span class=\"ScrambleLabel\">5176<\/span><\/p>\n<p>PP-VBK<\/p>\n<p>PP-LFB<\/p>\n<p>4409<\/p>\n<p>4442<\/p>\n<p>PP-TVX<\/p>\n<p>PT-CGV<\/p>\n<p>4323<\/p>\n<p>5070<\/p>\n<p><span class=\"ScrambleLabel\">1339<\/span><\/p>\n<p><span class=\"ScrambleLabel\">1575<\/span><\/p>\n<p>PP-TEE<\/p>\n<p>PP-SQR<\/p>\n<p>PP-SRO<\/p>\n<p>PT-HAL<\/p><\/td><td><span class=\"st\">Beechcraft UC-45F Expeditor<\/span><p><\/p>\n<p>Convair CV-240-2<\/p>\n<p><span class=\"st\">Curtiss C-46A Commando<\/span><\/p>\n<p>Douglas A-26B Invader<\/p>\n<p>Douglas C-47B Dakota<\/p>\n<p>Douglas DC-6C<\/p>\n<p>Gloster Meteor F.8<\/p>\n<p>Gloster Meteor F.8<\/p>\n<p>Henrique Lage HL-1<\/p>\n<p>Lockheed C-60A Lodestar<\/p>\n<p>Lockheed <span class=\"ScrambleLabel\">TF-33A<\/span><\/p>\n<p>North American B-25J Mitchell<\/p>\n<p>North American T-6 Texan<\/p>\n<p>North American T-6 Texan<\/p>\n<p class=\"header-reset\">Rearwin 9000-L Sportster<\/p>\n<p>Saab 90A-2 Scandia<\/p>\n<p>Vickers Viscount 701C<\/p>\n<p>Westland Dragonfly Mk.1B<\/p><\/td><\/tr><\/tbody><\/table><\/figure>\n","protected":false},"excerpt":{"rendered":"<p>Museu de Armas, Ve\u00edculos e M\u00e1quinas Eduardo Andr\u00e9 Matarazzo Av. S\u00e9rgio Sessa Stamato, s\/n &#8211; Centro Bebedouro &#8211; SP, 14700-000 Brazil +55 17 3343-1033 Thursday&#8230;<\/p>\n","protected":false},"author":2,"featured_media":0,"parent":0,"menu_order":0,"comment_status":"closed","ping_status":"closed","template":"","meta":{"footnotes":""},"class_list":["post-13006","page","type-page","status-publish","hentry"],"_links":{"self":[{"href":"https:\/\/aviationmuseum.eu\/Blogvorm\/wp-json\/wp\/v2\/pages\/13006","targetHints":{"allow":["GET"]}}],"collection":[{"href":"https:\/\/aviationmuseum.eu\/Blogvorm\/wp-json\/wp\/v2\/pages"}],"about":[{"href":"https:\/\/aviationmuseum.eu\/Blogvorm\/wp-json\/wp\/v2\/types\/page"}],"author":[{"embeddable":true,"href":"https:\/\/aviationmuseum.eu\/Blogvorm\/wp-json\/wp\/v2\/users\/2"}],"replies":[{"embeddable":true,"href":"https:\/\/aviationmuseum.eu\/Blogvorm\/wp-json\/wp\/v2\/comments?post=13006"}],"version-history":[{"count":5,"href":"https:\/\/aviationmuseum.eu\/Blogvorm\/wp-json\/wp\/v2\/pages\/13006\/revisions"}],"predecessor-version":[{"id":33982,"href":"https:\/\/aviationmuseum.eu\/Blogvorm\/wp-json\/wp\/v2\/pages\/13006\/revisions\/33982"}],"wp:attachment":[{"href":"https:\/\/aviationmuseum.eu\/Blogvorm\/wp-json\/wp\/v2\/media?parent=13006"}],"curies":[{"name":"wp","href":"https:\/\/api.w.org\/{rel}","templated":true}]}}