{"id":16392,"date":"2019-01-18T15:25:33","date_gmt":"2019-01-18T13:25:33","guid":{"rendered":"http:\/\/www.aviationmuseum.eu\/Blogvorm\/?page_id=16392"},"modified":"2025-02-26T20:26:12","modified_gmt":"2025-02-26T18:26:12","slug":"vojenske-muzeum-kraliky","status":"publish","type":"page","link":"https:\/\/aviationmuseum.eu\/Blogvorm\/vojenske-muzeum-kraliky\/","title":{"rendered":"Vojensk\u00e9 muzeum Kr\u00e1l\u00edky"},"content":{"rendered":"\n<p>The <strong>Military Museum Kr\u00e1l\u00edky<\/strong>, located in Prost\u0159edn\u00ed Lipka near Kr\u00e1l\u00edky, Czech Republic, offers an extensive exhibition dedicated to the history of the Czechoslovak Army from its inception during World War I to the present day.<\/p>\n\n\n\n<p class=\"section-hero-header-subtitle\"><strong>Vojensk\u00e9 muzeum <span class=\"section-info-text\"><span class=\"widget-pane-link\">Kr\u00e1l\u00edky<\/span><\/span> (Military Museum)<\/strong><\/p>\n\n\n\n<p><span class=\"section-info-text\"><span class=\"widget-pane-link\">Prost\u0159edn\u00ed Lipka 1<\/span><\/span><\/p>\n\n\n\n<p><span class=\"section-info-text\"><span class=\"widget-pane-link\">561 69 Kr\u00e1l\u00edky<\/span><\/span><\/p>\n\n\n\n<p><a href=\"http:\/\/www.aviationmuseum.eu\/Blogvorm\/2015\/05\/25\/czech-republic\/\">Czechia<\/a><\/p>\n\n\n\n<p><a href=\"http:\/\/www.armyfort.cz\" target=\"_blank\" rel=\"noopener\">http:\/\/www.armyfort.cz<\/a><\/p>\n\n\n\n<p><a href=\"mailto:muzeum@armyfort.com\" target=\"_blank\" rel=\"noopener\">muzeum@armyfort.com<\/a><\/p>\n\n\n\n<p><span class=\"section-info-text\"><span class=\"widget-pane-link\">+420 608 478 732<\/span><\/span><\/p>\n\n\n\n<p>October &#8211; April<\/p>\n\n\n\n<ul class=\"wp-block-list\">\n<li>Tuesday &#8211; Sunday 10:00 &#8211; 16:00<\/li>\n<\/ul>\n\n\n\n<p>May &#8211; September<\/p>\n\n\n\n<ul class=\"wp-block-list\">\n<li>Tuesday &#8211; Sunday 09:00 &#8211; 17:00<\/li>\n<\/ul>\n\n\n\n<p>Closed<\/p>\n\n\n\n<ul class=\"wp-block-list\">\n<li>Easter Monday<\/li>\n\n\n\n<li>Christmas 23rd to 26th December<\/li>\n\n\n\n<li>New Year&#8217;s Eve 31 December<\/li>\n\n\n\n<li>New Year 1 January<\/li>\n<\/ul>\n\n\n\n<p>Admission Fee<\/p>\n\n\n\n<figure class=\"wp-block-image\"><a href=\"https:\/\/www.facebook.com\/Vojensk%C3%A9-muzeum-Kr%C3%A1l%C3%ADky-523191014458345\/\" target=\"_blank\" rel=\"attachment wp-att-922 noreferrer noopener\"><img loading=\"lazy\" decoding=\"async\" width=\"25\" height=\"25\" src=\"http:\/\/www.aviationmuseum.eu\/Blogvorm\/wp-content\/uploads\/2015\/12\/facebook.jpg\" alt=\"facebook\" class=\"wp-image-922\"\/><\/a><\/figure>\n\n\n\n<p><iframe loading=\"lazy\" style=\"border: 0;\" src=\"https:\/\/www.google.com\/maps\/embed?pb=!1m18!1m12!1m3!1d163788.4349569231!2d16.615579954640904!3d50.0947787534884!2m3!1f0!2f0!3f0!3m2!1i1024!2i768!4f13.1!3m3!1m2!1s0x4712006528532265%3A0xaee865929763e5b0!2smilitary+Museum!5e0!3m2!1snl!2snl!4v1547817206325\" width=\"600\" height=\"450\" frameborder=\"0\" allowfullscreen=\"allowfullscreen\"><\/iframe><\/p>\n\n\n\n<h3 class=\"wp-block-heading\">Aircraft collection<\/h3>\n\n\n\n<figure class=\"wp-block-image\"><a href=\"http:\/\/www.aviationmuseum.eu\/Blogvorm\/vojenske-muzeum-kraliky\/vojenske-muzeum-kraliky\/\" rel=\"attachment wp-att-16394\"><img loading=\"lazy\" decoding=\"async\" width=\"240\" height=\"188\" src=\"http:\/\/www.aviationmuseum.eu\/Blogvorm\/wp-content\/uploads\/2019\/01\/Vojensk\u00e9-muzeum-Kr\u00e1l\u00edky-240x188.jpg\" alt=\"Vojensk\u00e9 muzeum Kr\u00e1l\u00edky, Czechia\" class=\"wp-image-16394\" srcset=\"https:\/\/aviationmuseum.eu\/Blogvorm\/wp-content\/uploads\/2019\/01\/Vojensk\u00e9-muzeum-Kr\u00e1l\u00edky-240x188.jpg 240w, https:\/\/aviationmuseum.eu\/Blogvorm\/wp-content\/uploads\/2019\/01\/Vojensk\u00e9-muzeum-Kr\u00e1l\u00edky.jpg 298w\" sizes=\"auto, (max-width: 240px) 100vw, 240px\" \/><\/a><\/figure>\n\n\n\n<figure class=\"wp-block-table\"><table class=\"has-fixed-layout\"><tbody><tr><td><\/td><td>Mikoyan Gurevich MiG-21MFPZL SM-2 (wreck)<br><p>Schneider Grunau Baby II D-1074\/LZ-NIB<\/p> <br><p>Aero L-39C Albatros 0441 (without rear part)<br><br>Aero L-39C Albatros 0442 (fuselage without rear section)<br><br>MiG-15bisSB 3801 (cut without rear fuselage)<br><br>Flight Z-37A Bumblebee D-ESWL<br><br>Flight Z-37A Bumblebee OK-CKP (fuselage)<br><br>Piper Pa-23-250 Aztec E (fuselage torso)<br><br>Grunau Baby IIb nr.0101 1944<br><br>VT-116 Orlik II OK-8417 (cockpit)<br><br>VT-116 Orlik II OK-6440<br><br>VSO-10b Gradient &#8220;Vosa&#8221; OK-5612 (cockpit)<br><br>VSO-10b Gradient &#8220;VOSA&#8221; OK-9602 (without wings)<br><br>ULL Pegass OK-BUD 07 (fuselage)<br><br>PCK-53U (flight simulator)<br><br>Helicopter SM-2 registration No. 2021 (wreckage)<\/p><\/td><\/tr><\/tbody><\/table><\/figure>\n\n\n\n<p>\u200b<strong>Exhibitions and Collections:<\/strong><\/p>\n\n\n\n<p>Spanning approximately 2,000 square meters, the museum showcases a diverse array of military artifacts, including:<\/p>\n\n\n\n<p><strong>Infantry Munitions<\/strong><\/p>\n\n\n\n<ul class=\"wp-block-list\">\n<li><strong>Field and Anti-Aircraft Guns<\/strong><\/li>\n\n\n\n<li><strong>NBC (Nuclear, Biological, Chemical) Protection Equipment<\/strong><\/li>\n\n\n\n<li><strong>Mechanized Technology<\/strong>: Tanks, armored transport vehicles, and infantry combat vehicles from both the former Czechoslovak People&#8217;s Army and the current Czech Army.<\/li>\n<\/ul>\n\n\n\n<p>A notable feature is the detailed presentation of key military figures from the 1930s, such as Army General L. Krej\u010d\u00ed, Brigade General B. Fiala, and Division General Ing. K. Hus\u00e1rek.<\/p>\n\n\n\n<p><strong>Outdoor Displays:<\/strong><\/p>\n\n\n\n<p>The museum&#8217;s outdoor area includes:<\/p>\n\n\n\n<p><strong>Operational Reconstructions<\/strong>: A 1930s-era shack camp accommodating 120 soldiers, serving as additional display space and logistical support during larger events.<\/p>\n\n\n\n<ul class=\"wp-block-list\">\n<li><strong>Light Combat Installation Model 37<\/strong>: Showcasing historical military fortifications.<\/li>\n<\/ul>\n\n\n\n<p><strong>Visitor Information:<\/strong>The <strong>Military Museum Kr\u00e1l\u00edky<\/strong> provides a comprehensive insight into Czechoslovak military history, making it a significant destination for history enthusiasts and scholars alike.<\/p>\n\n\n\n<p class=\"has-text-align-center\">If you have information or photos of this museum,<\/p>\n\n\n\n<p class=\"has-text-align-center\">please contact us at: <a href=\"mailto:my.museum@aviationmuseum.eu\" target=\"_blank\" rel=\"noopener\">my.museum@aviationmuseum.eu<\/a><\/p>\n","protected":false},"excerpt":{"rendered":"<p>The Military Museum Kr\u00e1l\u00edky, located in Prost\u0159edn\u00ed Lipka near Kr\u00e1l\u00edky, Czech Republic, offers an extensive exhibition dedicated to the history of the Czechoslovak Army from&#8230;<\/p>\n","protected":false},"author":2,"featured_media":0,"parent":0,"menu_order":0,"comment_status":"closed","ping_status":"closed","template":"","meta":{"footnotes":""},"class_list":["post-16392","page","type-page","status-publish","hentry"],"_links":{"self":[{"href":"https:\/\/aviationmuseum.eu\/Blogvorm\/wp-json\/wp\/v2\/pages\/16392","targetHints":{"allow":["GET"]}}],"collection":[{"href":"https:\/\/aviationmuseum.eu\/Blogvorm\/wp-json\/wp\/v2\/pages"}],"about":[{"href":"https:\/\/aviationmuseum.eu\/Blogvorm\/wp-json\/wp\/v2\/types\/page"}],"author":[{"embeddable":true,"href":"https:\/\/aviationmuseum.eu\/Blogvorm\/wp-json\/wp\/v2\/users\/2"}],"replies":[{"embeddable":true,"href":"https:\/\/aviationmuseum.eu\/Blogvorm\/wp-json\/wp\/v2\/comments?post=16392"}],"version-history":[{"count":9,"href":"https:\/\/aviationmuseum.eu\/Blogvorm\/wp-json\/wp\/v2\/pages\/16392\/revisions"}],"predecessor-version":[{"id":34218,"href":"https:\/\/aviationmuseum.eu\/Blogvorm\/wp-json\/wp\/v2\/pages\/16392\/revisions\/34218"}],"wp:attachment":[{"href":"https:\/\/aviationmuseum.eu\/Blogvorm\/wp-json\/wp\/v2\/media?parent=16392"}],"curies":[{"name":"wp","href":"https:\/\/api.w.org\/{rel}","templated":true}]}}