{"id":2710,"date":"2016-02-08T20:47:37","date_gmt":"2016-02-08T18:47:37","guid":{"rendered":"http:\/\/www.aviationmuseum.eu\/Blogvorm\/?page_id=2710"},"modified":"2025-03-21T21:33:26","modified_gmt":"2025-03-21T19:33:26","slug":"osterlens-flygmuseum","status":"publish","type":"page","link":"https:\/\/aviationmuseum.eu\/Blogvorm\/osterlens-flygmuseum\/","title":{"rendered":"\u00d6sterlens Flygmuseum"},"content":{"rendered":"\n<p><strong>\u00d6sterlens Flygmuseum <\/strong>is an aviation museum located in <strong>G\u00e4rsn\u00e4s<\/strong>, in the \u00d6sterlen region of <strong>Sk\u00e5ne County<\/strong>, southern Sweden. This museum is dedicated to preserving the history of aviation, with a strong focus on both military and civilian aircraft, as well as aviation in the \u00d6sterlen area.<\/p>\n\n\n\n<p><strong>\u00d6sterlens Flygmuseum<\/strong><\/p>\n\n\n\n<p>\u00d6STBO,Vemmerl\u00f6v<\/p>\n\n\n\n<p>272 97 G\u00e4rsn\u00e4s<\/p>\n\n\n\n<p><a href=\"http:\/\/www.aviationmuseum.eu\/Blogvorm\/2015\/05\/30\/sweden\/\">Sweden<\/a><\/p>\n\n\n\n<p><a href=\"http:\/\/www.osterlensflygmuseum.se\" target=\"_blank\" rel=\"noopener noreferrer\">www.osterlensflygmuseum.se<\/a><\/p>\n\n\n\n<p>+46 701 122689<\/p>\n\n\n\n<p>The Collection is open Easter eve and Easter Sunday 11:00 &#8211; 16:00, and Sundays from 6:th of July to 31:st of August, also visits by appointment.<\/p>\n\n\n\n<figure class=\"wp-block-image\"><a href=\"https:\/\/www.facebook.com\/pages\/%C3%96sterlens-Flygmuseum-%C3%96stra-Vemmerl%C3%B6v-%C3%96stbo\/547485965313897\" target=\"_blank\" rel=\"attachment wp-att-922 noopener noreferrer\"><img loading=\"lazy\" decoding=\"async\" width=\"25\" height=\"25\" src=\"http:\/\/www.aviationmuseum.eu\/Blogvorm\/wp-content\/uploads\/2015\/12\/facebook.jpg\" alt=\"facebook\" class=\"wp-image-922\"\/><\/a><\/figure>\n\n\n\n<p><iframe loading=\"lazy\" style=\"border: 0;\" src=\"https:\/\/www.google.com\/maps\/embed?pb=!1m18!1m12!1m3!1d288712.0900065902!2d13.968016550336245!3d55.574803480506134!2m3!1f0!2f0!3f0!3m2!1i1024!2i768!4f13.1!3m3!1m2!1s0x465442c273ccbb3f%3A0x52f1154d137e0cb3!2s%C3%96sterlens+Flygmuseum!5e0!3m2!1snl!2snl!4v1454957306718\" width=\"600\" height=\"450\" frameborder=\"0\" allowfullscreen=\"allowfullscreen\"><\/iframe><\/p>\n\n\n\n<h3 class=\"wp-block-heading\">Aircraft collection<\/h3>\n\n\n\n<figure class=\"wp-block-image size-large\"><a href=\"http:\/\/www.aviationmuseum.eu\/Blogvorm\/osterlens-flygmuseum\/saab-b3la\/\" rel=\"attachment wp-att-2711\"><img loading=\"lazy\" decoding=\"async\" width=\"728\" height=\"546\" src=\"https:\/\/www.aviationmuseum.eu\/Blogvorm\/wp-content\/uploads\/2016\/02\/Saab-B3LA-728x546.jpg\" alt=\"Saab B3LA\" class=\"wp-image-2711\" srcset=\"https:\/\/aviationmuseum.eu\/Blogvorm\/wp-content\/uploads\/2016\/02\/Saab-B3LA-728x546.jpg 728w, https:\/\/aviationmuseum.eu\/Blogvorm\/wp-content\/uploads\/2016\/02\/Saab-B3LA-240x180.jpg 240w, https:\/\/aviationmuseum.eu\/Blogvorm\/wp-content\/uploads\/2016\/02\/Saab-B3LA-420x315.jpg 420w, https:\/\/aviationmuseum.eu\/Blogvorm\/wp-content\/uploads\/2016\/02\/Saab-B3LA-600x450.jpg 600w, https:\/\/aviationmuseum.eu\/Blogvorm\/wp-content\/uploads\/2016\/02\/Saab-B3LA.jpg 800w\" sizes=\"auto, (max-width: 728px) 100vw, 728px\" \/><\/a><\/figure>\n\n\n\n<p>Saab B3LA<\/p>\n\n\n\n<figure class=\"wp-block-table\"><table class=\"has-fixed-layout\"><tbody><tr><td>G-ANVU<p><\/p>\n<p>16074\/FE638<\/p>\n<p>&#8211;<\/p>\n<p>32599<\/p>\n<p>35-5<\/p>\n<p>35051\/14<\/p>\n<p>35090\/52<\/p>\n<p>35221<\/p>\n<p>35235<\/p>\n<p>35344\/44<\/p>\n<p>35457\/08<\/p>\n<p>35537<\/p>\n<p>35540\/46<\/p>\n<p>35616\/23<\/p>\n<p>AR-108<\/p>\n<p>AR-115<\/p>\n<p>35902\/12<\/p>\n<p>35824\/82<\/p>\n<p>351160\/AT-160<\/p>\n<p>35906\/06<\/p>\n<p>35-9<\/p>\n<p>37410\/10<\/p>\n<p>SE-TCY<\/p><\/td><td>de Havilland D.H.104 Dove<p><\/p>\n<p>Noorduyn Harvard Mk IIB<\/p>\n<p><span lang=\"EN-GB\">S<\/span><span lang=\"EN-GB\">aab<\/span><span lang=\"EN-GB\"> B3LA <span lang=\"EN-GB\">wood mockup<\/span><\/span><\/p>\n<p>Saab J 32B Lansen<\/p>\n<p>Saab 35 Draken<\/p>\n<p><span lang=\"FI\">Saab J 35A Draken<\/span><\/p>\n<p><span lang=\"FI\">Saab J 35A Draken<\/span><\/p>\n<p><span lang=\"FI\">Saab J 35B Draken<\/span><\/p>\n<p><span lang=\"FI\">Saab J 35B Draken cockpit<\/span><\/p>\n<p><span lang=\"FI\">Saab J 35D Draken<\/span><\/p>\n<p><span lang=\"fi\">Saab J 35F Drake<\/span><\/p>\n<p><span lang=\"FI\">Saab J 35J Draken<\/span><\/p>\n<p><span lang=\"FI\">Saab J 35J Draken<\/span><\/p>\n<p><span lang=\"FI\">Saab J 35J Draken<\/span><\/p>\n<p><span lang=\"FI\">Saab RF-35 Draken<\/span><\/p>\n<p><span lang=\"FI\">Saab RF-35 Draken<\/span><\/p>\n<p><span lang=\"FI\">Saab <\/span> <span lang=\"FI\">S-35<\/span>E<span lang=\"FI\"> Draken<\/span><\/p>\n<p><span lang=\"FI\">Saab Sk35C Draken<\/span><\/p>\n<p><span lang=\"FI\">Saab TF 35XD Draken<\/span><\/p>\n<p>SAAB S35E Draken<\/p>\n<p><span lang=\"EN-GB\">SAAB 35 cockpit section, used for edject test\u2019s<\/span><\/p>\n<p>Saab JA 37C Viggen<\/p>\n<p><span lang=\"EN-GB\">Schleicher K8B<\/span><\/p><\/td><\/tr><\/tbody><\/table><\/figure>\n\n\n\n<figure class=\"wp-block-image size-large\"><a href=\"http:\/\/www.aviationmuseum.eu\/Blogvorm\/osterlens-flygmuseum\/osterlens-flygmuseum-2\/\" rel=\"attachment wp-att-2712\"><img loading=\"lazy\" decoding=\"async\" width=\"728\" height=\"485\" src=\"https:\/\/www.aviationmuseum.eu\/Blogvorm\/wp-content\/uploads\/2016\/02\/\u00d6sterlens-Flygmuseum-728x485.jpg\" alt=\"\u00d6sterlens Flygmuseum\" class=\"wp-image-2712\" srcset=\"https:\/\/aviationmuseum.eu\/Blogvorm\/wp-content\/uploads\/2016\/02\/\u00d6sterlens-Flygmuseum-728x485.jpg 728w, https:\/\/aviationmuseum.eu\/Blogvorm\/wp-content\/uploads\/2016\/02\/\u00d6sterlens-Flygmuseum-240x160.jpg 240w, https:\/\/aviationmuseum.eu\/Blogvorm\/wp-content\/uploads\/2016\/02\/\u00d6sterlens-Flygmuseum-420x280.jpg 420w, https:\/\/aviationmuseum.eu\/Blogvorm\/wp-content\/uploads\/2016\/02\/\u00d6sterlens-Flygmuseum-600x400.jpg 600w, https:\/\/aviationmuseum.eu\/Blogvorm\/wp-content\/uploads\/2016\/02\/\u00d6sterlens-Flygmuseum.jpg 800w\" sizes=\"auto, (max-width: 728px) 100vw, 728px\" \/><\/a><\/figure>\n\n\n\n<h3 class=\"wp-block-heading\">Key Highlights of \u00d6sterlens Flygmuseum:<\/h3>\n\n\n\n<ol class=\"wp-block-list\">\n<li><strong>Historical Aircraft Collection<\/strong>:\n<ul class=\"wp-block-list\">\n<li>The museum features a collection of <strong>military and civilian aircraft<\/strong> from different eras. It highlights the development and evolution of aviation in Sweden, with a special focus on <strong>Swedish Air Force aircraft<\/strong> used throughout the 20th century.<\/li>\n\n\n\n<li>Notable aircraft that may be on display include:<\/li>\n<\/ul>\n<\/li>\n\n\n\n<li><strong>Aviation History and Heritage<\/strong>:\n<ul class=\"wp-block-list\">\n<li><strong>\u00d6sterlens Flygmuseum<\/strong> aims to preserve and showcase <strong>Sweden\u2019s aviation heritage<\/strong>, particularly focusing on aircraft and operations connected to <strong>Swedish Air Force bases<\/strong> in the southern part of the country.<\/li>\n\n\n\n<li>The museum explores the history of aviation in the \u00d6sterlen region and its significance to Sweden\u2019s defense during the Cold War, as well as the development of Swedish aviation technology.<\/li>\n<\/ul>\n<\/li>\n<\/ol>\n","protected":false},"excerpt":{"rendered":"<p>\u00d6sterlens Flygmuseum is an aviation museum located in G\u00e4rsn\u00e4s, in the \u00d6sterlen region of Sk\u00e5ne County, southern Sweden. This museum is dedicated to preserving the&#8230;<\/p>\n","protected":false},"author":2,"featured_media":0,"parent":0,"menu_order":0,"comment_status":"closed","ping_status":"closed","template":"","meta":{"footnotes":""},"class_list":["post-2710","page","type-page","status-publish","hentry"],"_links":{"self":[{"href":"https:\/\/aviationmuseum.eu\/Blogvorm\/wp-json\/wp\/v2\/pages\/2710","targetHints":{"allow":["GET"]}}],"collection":[{"href":"https:\/\/aviationmuseum.eu\/Blogvorm\/wp-json\/wp\/v2\/pages"}],"about":[{"href":"https:\/\/aviationmuseum.eu\/Blogvorm\/wp-json\/wp\/v2\/types\/page"}],"author":[{"embeddable":true,"href":"https:\/\/aviationmuseum.eu\/Blogvorm\/wp-json\/wp\/v2\/users\/2"}],"replies":[{"embeddable":true,"href":"https:\/\/aviationmuseum.eu\/Blogvorm\/wp-json\/wp\/v2\/comments?post=2710"}],"version-history":[{"count":11,"href":"https:\/\/aviationmuseum.eu\/Blogvorm\/wp-json\/wp\/v2\/pages\/2710\/revisions"}],"predecessor-version":[{"id":34990,"href":"https:\/\/aviationmuseum.eu\/Blogvorm\/wp-json\/wp\/v2\/pages\/2710\/revisions\/34990"}],"wp:attachment":[{"href":"https:\/\/aviationmuseum.eu\/Blogvorm\/wp-json\/wp\/v2\/media?parent=2710"}],"curies":[{"name":"wp","href":"https:\/\/api.w.org\/{rel}","templated":true}]}}