{"id":29543,"date":"2024-10-20T17:05:21","date_gmt":"2024-10-20T15:05:21","guid":{"rendered":"https:\/\/www.aviationmuseum.eu\/Blogvorm\/?page_id=29543"},"modified":"2024-10-20T17:05:21","modified_gmt":"2024-10-20T15:05:21","slug":"saab-j35f-draken-vaderstad-sweden","status":"publish","type":"page","link":"https:\/\/aviationmuseum.eu\/Blogvorm\/saab-j35f-draken-vaderstad-sweden\/","title":{"rendered":"SAAB J35F Draken V\u00e4derstad Sweden"},"content":{"rendered":"\n<p>SAAB J35F Draken V\u00e4derstad Sweden<\/p>\n\n\n\n<p>Havrev\u00e4gen 2<\/p>\n\n\n\n<p>596 36 V\u00e4derstad<\/p>\n\n\n\n<p><a href=\"https:\/\/www.aviationmuseum.eu\/Blogvorm\/2015\/05\/30\/sweden\/\" data-type=\"post\" data-id=\"568\">Sweden<\/a><\/p>\n\n\n\n<iframe src=\"https:\/\/www.google.com\/maps\/embed?pb=!1m18!1m12!1m3!1d134118.56962097986!2d14.759434462947878!3d58.31575938874498!2m3!1f0!2f0!3f0!3m2!1i1024!2i768!4f13.1!3m3!1m2!1s0x465bd219062b184f%3A0xba5280e29195b4b3!2sScandinavian%20Manufacturing%20Scama%20AB!5e0!3m2!1snl!2snl!4v1729436240104!5m2!1snl!2snl\" width=\"600\" height=\"450\" style=\"border:0;\" allowfullscreen=\"\" loading=\"lazy\" referrerpolicy=\"no-referrer-when-downgrade\"><\/iframe>\n\n\n\n<figure class=\"wp-block-image size-large\"><img loading=\"lazy\" decoding=\"async\" width=\"728\" height=\"446\" src=\"https:\/\/www.aviationmuseum.eu\/Blogvorm\/wp-content\/uploads\/2024\/10\/Saab-J35F-Draken-35566-56-Swedish-Air-Force-728x446.jpg\" alt=\"Saab J35F Draken 35566\/56 Swedish Air Force\" class=\"wp-image-29544\" srcset=\"https:\/\/aviationmuseum.eu\/Blogvorm\/wp-content\/uploads\/2024\/10\/Saab-J35F-Draken-35566-56-Swedish-Air-Force-728x446.jpg 728w, https:\/\/aviationmuseum.eu\/Blogvorm\/wp-content\/uploads\/2024\/10\/Saab-J35F-Draken-35566-56-Swedish-Air-Force-420x258.jpg 420w, https:\/\/aviationmuseum.eu\/Blogvorm\/wp-content\/uploads\/2024\/10\/Saab-J35F-Draken-35566-56-Swedish-Air-Force-240x147.jpg 240w, https:\/\/aviationmuseum.eu\/Blogvorm\/wp-content\/uploads\/2024\/10\/Saab-J35F-Draken-35566-56-Swedish-Air-Force-1536x942.jpg 1536w, https:\/\/aviationmuseum.eu\/Blogvorm\/wp-content\/uploads\/2024\/10\/Saab-J35F-Draken-35566-56-Swedish-Air-Force.jpg 1600w\" sizes=\"auto, (max-width: 728px) 100vw, 728px\" \/><figcaption class=\"wp-element-caption\">Saab J35F Draken 35566\/56 Swedish Air Force<\/figcaption><\/figure>\n\n\n\n<figure class=\"wp-block-image size-large\"><img loading=\"lazy\" decoding=\"async\" width=\"728\" height=\"546\" src=\"https:\/\/www.aviationmuseum.eu\/Blogvorm\/wp-content\/uploads\/2024\/10\/Saab-J35F-Draken-35566-56-Swedish-Air-Force-2-728x546.jpg\" alt=\"Saab J35F Draken 35566\/56 Swedish Air Force\" class=\"wp-image-29545\" srcset=\"https:\/\/aviationmuseum.eu\/Blogvorm\/wp-content\/uploads\/2024\/10\/Saab-J35F-Draken-35566-56-Swedish-Air-Force-2-728x546.jpg 728w, https:\/\/aviationmuseum.eu\/Blogvorm\/wp-content\/uploads\/2024\/10\/Saab-J35F-Draken-35566-56-Swedish-Air-Force-2-420x315.jpg 420w, https:\/\/aviationmuseum.eu\/Blogvorm\/wp-content\/uploads\/2024\/10\/Saab-J35F-Draken-35566-56-Swedish-Air-Force-2-240x180.jpg 240w, https:\/\/aviationmuseum.eu\/Blogvorm\/wp-content\/uploads\/2024\/10\/Saab-J35F-Draken-35566-56-Swedish-Air-Force-2-1536x1152.jpg 1536w, https:\/\/aviationmuseum.eu\/Blogvorm\/wp-content\/uploads\/2024\/10\/Saab-J35F-Draken-35566-56-Swedish-Air-Force-2.jpg 1600w\" sizes=\"auto, (max-width: 728px) 100vw, 728px\" \/><\/figure>\n","protected":false},"excerpt":{"rendered":"<p>SAAB J35F Draken V\u00e4derstad Sweden Havrev\u00e4gen 2 596 36 V\u00e4derstad Sweden Saab J35F Draken 35566\/56 Swedish Air Force<\/p>\n","protected":false},"author":2,"featured_media":0,"parent":0,"menu_order":0,"comment_status":"closed","ping_status":"closed","template":"","meta":{"footnotes":""},"class_list":["post-29543","page","type-page","status-publish","hentry"],"_links":{"self":[{"href":"https:\/\/aviationmuseum.eu\/Blogvorm\/wp-json\/wp\/v2\/pages\/29543","targetHints":{"allow":["GET"]}}],"collection":[{"href":"https:\/\/aviationmuseum.eu\/Blogvorm\/wp-json\/wp\/v2\/pages"}],"about":[{"href":"https:\/\/aviationmuseum.eu\/Blogvorm\/wp-json\/wp\/v2\/types\/page"}],"author":[{"embeddable":true,"href":"https:\/\/aviationmuseum.eu\/Blogvorm\/wp-json\/wp\/v2\/users\/2"}],"replies":[{"embeddable":true,"href":"https:\/\/aviationmuseum.eu\/Blogvorm\/wp-json\/wp\/v2\/comments?post=29543"}],"version-history":[{"count":1,"href":"https:\/\/aviationmuseum.eu\/Blogvorm\/wp-json\/wp\/v2\/pages\/29543\/revisions"}],"predecessor-version":[{"id":29546,"href":"https:\/\/aviationmuseum.eu\/Blogvorm\/wp-json\/wp\/v2\/pages\/29543\/revisions\/29546"}],"wp:attachment":[{"href":"https:\/\/aviationmuseum.eu\/Blogvorm\/wp-json\/wp\/v2\/media?parent=29543"}],"curies":[{"name":"wp","href":"https:\/\/api.w.org\/{rel}","templated":true}]}}