{"id":33,"date":"2013-10-12T20:27:02","date_gmt":"2013-10-12T18:27:02","guid":{"rendered":"http:\/\/www.aviationmuseum.eu\/Blogvorm\/?page_id=33"},"modified":"2026-05-08T21:54:31","modified_gmt":"2026-05-08T19:54:31","slug":"world-wide-aviation-museums-air-parks-aerospace","status":"publish","type":"page","link":"https:\/\/aviationmuseum.eu\/Blogvorm\/","title":{"rendered":"Home"},"content":{"rendered":"\n<hr class=\"wp-block-separator has-alpha-channel-opacity\"\/>\n\n\n\n<h1 class=\"wp-block-heading\">Aviation Museum<\/h1>\n\n\n\n<p class=\"has-text-align-left\"><span style=\"font-size: small;\">All about aviation related museums and museums with aircraft in collection, worldwide ordered by country.<\/span><\/p>\n\n\n\n<p class=\"has-text-align-left\"><span style=\"font-size: small;\"><span style=\"font-size: small;\">World Wide Aviation Museums, Air Parks, Aviation Theme Parks, Gate Guards, Classic Fighters, Vintage Aircraft, Aerospace Museums, Collection Lists, Photo Gallery&#8217;s, Flags and Military roundels.<\/span><\/span><\/p>\n\n\n\n<p class=\"has-text-align-left\">We provide information about the museums collection, locations and as much photo&#8217;s as we can find or make ourselves. Some of our visitors offer to provide us with photo&#8217;s of museums they visited, if you have photo&#8217;s we could use, please contact us <a href=\"mailto:my.museum@aviationmuseum.eu\">my.museum@aviationmuseum.eu<\/a>.<\/p>\n\n\n\n<p class=\"has-text-align-left\"><span style=\"font-size: small;\">Thanks for your visit and enjoy the site.<\/span><\/p>\n\n\n\n<h3 class=\"wp-block-heading\">1.674 aviation museums on this website.<\/h3>\n\n\n<div class=\"wp-block-image\">\n<figure class=\"aligncenter size-full\"><img loading=\"lazy\" decoding=\"async\" width=\"600\" height=\"378\" src=\"https:\/\/www.aviationmuseum.eu\/Blogvorm\/wp-content\/uploads\/2025\/06\/Avmuseum-frontpage.png\" alt=\"\" class=\"wp-image-35950\" srcset=\"https:\/\/aviationmuseum.eu\/Blogvorm\/wp-content\/uploads\/2025\/06\/Avmuseum-frontpage.png 600w, https:\/\/aviationmuseum.eu\/Blogvorm\/wp-content\/uploads\/2025\/06\/Avmuseum-frontpage-420x265.png 420w, https:\/\/aviationmuseum.eu\/Blogvorm\/wp-content\/uploads\/2025\/06\/Avmuseum-frontpage-240x151.png 240w\" sizes=\"auto, (max-width: 600px) 100vw, 600px\" \/><\/figure><\/div>\n\n\n<h1 class=\"wp-block-heading\">New<\/h1>\n\n\n\n<h3 class=\"wp-block-heading\">Museum<\/h3>\n\n\n\n<p><a href=\"https:\/\/aviationmuseum.eu\/Blogvorm\/hyeonchungtab\/\" data-type=\"page\" data-id=\"36791\">Hyeonchungtab \ud604\ucda9\ud0d1<\/a> Ulsan, Republic of Korea<\/p>\n\n\n\n<p><a href=\"https:\/\/aviationmuseum.eu\/Blogvorm\/chetton-heritage-museum\/\">Chetton Heritage Museum<\/a> Bridgnorth, United Kingdom<\/p>\n\n\n\n<p><a href=\"https:\/\/aviationmuseum.eu\/Blogvorm\/vietnam-aviation-culture-center\/\" data-type=\"page\" data-id=\"36679\">Vietnam Aviation Culture Center \/Trung t\u00e2m v\u0103n h\u00f3a h\u00e0ng kh\u00f4ng<\/a> Long Bien, Vietnam<\/p>\n\n\n\n<p><a href=\"https:\/\/aviationmuseum.eu\/Blogvorm\/the-caldwell-collection-at-mustang-field\/\" data-type=\"page\" data-id=\"36629\">The Caldwell Collection at Mustang Field<\/a> El Reno, OK USA<\/p>\n\n\n\n<p><a href=\"https:\/\/aviationmuseum.eu\/Blogvorm\/canakkale-deniz-muzesi\/\" data-type=\"page\" data-id=\"36606\">\u00c7anakkale Deniz M\u00fczesi<\/a> \u00c7anakkale, Turkey<\/p>\n\n\n\n<p><a href=\"https:\/\/aviationmuseum.eu\/Blogvorm\/museu-fama-museu-asas-de-um-sonho\/\">Museu Asas de Um Sonho<\/a> Itu, SP Brazil<\/p>\n\n\n\n<p><a href=\"https:\/\/aviationmuseum.eu\/Blogvorm\/muzej-domovinskog-rata-dubrovnik\/\" data-type=\"page\" data-id=\"36426\">Muzej Domovinskog rata Dubrovnik<\/a>, Croatia<\/p>\n\n\n\n<p><a href=\"https:\/\/www.aviationmuseum.eu\/Blogvorm\/club-of-the-army-of-the-republika-srpska\/\" data-type=\"page\" data-id=\"36367\">Club of the Army of the Republika Srpska (Dom Vojske RS)<\/a> Banja Luka, Bosnia and Herzegovina <\/p>\n\n\n\n<p><a href=\"https:\/\/www.aviationmuseum.eu\/Blogvorm\/wilcze-lotnisko-filia-muzeum-dywizjonu-303-w-gierlozy\/\" data-type=\"page\" data-id=\"36292\">WILCZE LOTNISKO &#8211; Filia Muzeum Dywizjonu 303<\/a> Gier\u0142o\u017cy, Poland<\/p>\n\n\n\n<p><a href=\"https:\/\/www.aviationmuseum.eu\/Blogvorm\/muzeum-303\/\" data-type=\"page\" data-id=\"36280\">Muzeum 303<\/a> Napoleon, Poland<\/p>\n\n\n\n<p><a href=\"https:\/\/www.aviationmuseum.eu\/Blogvorm\/valga-sojamuuseum\/\" data-type=\"page\" data-id=\"36254\">Valga s\u00f5jamuuseum<\/a> Valga, Estonia<\/p>\n\n\n\n<p><a href=\"https:\/\/www.aviationmuseum.eu\/Blogvorm\/vojarna-barutana-izlozbeni-postav-domovinskog-rata\/\" data-type=\"page\" data-id=\"36234\">Vojarna Barutana &#8211; Izlo\u017ebeni postav Domovinskog rata<\/a> Sisak, Croatia<\/p>\n\n\n\n<p><a href=\"https:\/\/www.aviationmuseum.eu\/Blogvorm\/belgian-aviation-preservation-association-asbl-bapa\/\" data-type=\"page\" data-id=\"36225\">Belgium Aviation Preservation Association (BAPA)<\/a> Gembloux, Belgium<\/p>\n\n\n\n<p><a href=\"https:\/\/www.aviationmuseum.eu\/Blogvorm\/aviation-science-and-technology-exhibition-hall\/\" data-type=\"page\" data-id=\"36179\">Aviation Science and Technology Exhibition Hall<\/a> Arakawa City, Tokyo, Japan<\/p>\n\n\n\n<p><a href=\"https:\/\/www.aviationmuseum.eu\/Blogvorm\/fondazione-jonathan-collection\/\" data-type=\"page\" data-id=\"36164\">Fondazione Jonathan Collection<\/a> Nervesa della Battaglia (TV), Italy<\/p>\n\n\n\n<p><a href=\"https:\/\/www.aviationmuseum.eu\/Blogvorm\/museo-della-guerra-linea-gotica-castel-del-rio\/\" data-type=\"page\" data-id=\"36100\">Museo della Guerra Linea Gotica<\/a> Castel del Rio (BO), Italy<\/p>\n\n\n\n<p><a href=\"https:\/\/www.aviationmuseum.eu\/Blogvorm\/bottisham-airfield-museum\/\" data-type=\"page\" data-id=\"36047\">Bottisham Airfield Museum<\/a> Bottisham, United Kingdom<\/p>\n\n\n\n<p><a href=\"https:\/\/www.aviationmuseum.eu\/Blogvorm\/nord-osterdal-fly-og-militaerhistorik-forening\/\" data-type=\"page\" data-id=\"36011\">Nord \u00d8sterdal Fly-og Milit\u00e6rhistorik Forening<\/a> Tolga, Norway<\/p>\n\n\n\n<p><a href=\"https:\/\/www.aviationmuseum.eu\/Blogvorm\/marinemuseum\/\" data-type=\"page\" data-id=\"35818\">Marinemuseum<\/a> Den Helder, Netherlands<\/p>\n\n\n\n<p><a href=\"https:\/\/www.aviationmuseum.eu\/Blogvorm\/museo-storico-terra-aria-montagnana\/\" data-type=\"page\" data-id=\"35769\">Museo Sorico Terra Aria<\/a> Montagnana, Italy<\/p>\n\n\n\n<p><a href=\"https:\/\/www.aviationmuseum.eu\/Blogvorm\/muzeum-techniki-rolniczej-i-gospodarstwa-wiejskiego-w-redczu-krukowym\/\">Muzeum Techniki Rolniczej<\/a> Redecz Krukowy, Poland<\/p>\n\n\n\n<p><a href=\"https:\/\/www.aviationmuseum.eu\/Blogvorm\/luftraum-sud\/\" data-type=\"page\" data-id=\"35567\">Luftraum S\u00fcd<\/a> Neresheim-Elchingen, Germany<\/p>\n\n\n\n<p><a href=\"https:\/\/www.aviationmuseum.eu\/Blogvorm\/letecke-muzeum-tocna\/\" data-type=\"page\" data-id=\"35535\">Leteck\u00e9 Muzeum To\u010dn\u00e1<\/a> Airport and Aviation Museum To\u010dn\u00e1, Czechia<\/p>\n\n\n\n<figure class=\"wp-block-embed is-type-video is-provider-youtube wp-block-embed-youtube wp-embed-aspect-16-9 wp-has-aspect-ratio\"><div class=\"wp-block-embed__wrapper\">\n<iframe loading=\"lazy\" title=\"INIOCHOS 26 LOW LEVEL\" width=\"500\" height=\"281\" src=\"https:\/\/www.youtube.com\/embed\/Bx2NyDa4rHg?feature=oembed\" frameborder=\"0\" allow=\"accelerometer; autoplay; clipboard-write; encrypted-media; gyroscope; picture-in-picture; web-share\" referrerpolicy=\"strict-origin-when-cross-origin\" allowfullscreen><\/iframe>\n<\/div><\/figure>\n\n\n\n<p><strong>Photo Gallery<\/strong><\/p>\n\n\n\n<p><a href=\"https:\/\/www.aviationmuseum.eu\/Blogvorm\/flygvapenmuseum\/\" data-type=\"page\" data-id=\"3444\">Flygvapenmuseum<\/a> Link\u00f6ping, Sweden<\/p>\n\n\n\n<p><a href=\"https:\/\/www.aviationmuseum.eu\/Blogvorm\/solway-aviation-museum\/\">Solway Aviation Museum<\/a> Carlisle Airport, United Kingdom<\/p>\n\n\n\n<p><a href=\"https:\/\/www.aviationmuseum.eu\/Blogvorm\/museo-storico-aeronautica-militare\/\">Museo Storico Aeronautica Militare<\/a> Vigna di Valle (RM), Italy<\/p>\n\n\n\n<p><a href=\"https:\/\/www.aviationmuseum.eu\/Blogvorm\/musee-aeronautique-dorange\/\">Mus\u00e9e A\u00e9ronautique d\u2019 Orange<\/a>, France<\/p>\n\n\n\n<p><a href=\"https:\/\/www.aviationmuseum.eu\/Blogvorm\/science-museum-london\/\">Science Museum London<\/a>, United Kingdom<\/p>\n\n\n\n<p><span class=\"txt\"><a href=\"https:\/\/www.aviationmuseum.eu\/Blogvorm\/hickory-aviation-museum\/\">Hickory Aviation Museum<\/a> Hickory, NC USA<\/span><\/p>\n\n\n\n<p><a href=\"https:\/\/www.aviationmuseum.eu\/Blogvorm\/crash-luchtoorlog-verzetsmuseum-40-45\/\">Crash Air war \u2013 and Resistance Museum \u201940-45\u2032<\/a> Aalsmeerderbrug, Netherlands<\/p>\n\n\n\n<p><a href=\"https:\/\/www.aviationmuseum.eu\/Blogvorm\/south-yorkshire-aircraft-museum\/\"><span class=\"txt\">South Yorkshire Aircraft Museum at Aeroventure<\/span><\/a> Doncaster, United Kingdom<\/p>\n\n\n\n<p><a href=\"https:\/\/www.aviationmuseum.eu\/Blogvorm\/real-aeroplane-company\/\">The Real Aeroplane Company<\/a> Breighton Airport, Selby United Kingdom<\/p>\n\n\n\n<p><a href=\"https:\/\/www.aviationmuseum.eu\/Blogvorm\/yorkshire-air-museum-allied-air-forces-memorial\/\">Yorkshire Air Museum<\/a> Elvington, United Kingdom<\/p>\n\n\n\n<p><a href=\"https:\/\/www.aviationmuseum.eu\/Blogvorm\/wielkopolskiego-muzeum-walk-niepodleglosciowych-w-poznaniu-muzeum-uzbrojenia\/\">Wielkopolskiego Muzeum Walk Niepodleg\u0142o\u015bciowych w Poznaniu<\/a>, Poznan Poland<\/p>\n\n\n\n<p><a href=\"https:\/\/www.aviationmuseum.eu\/Blogvorm\/avro-heritage-museum\/\">Avro Heritage Museum<\/a> Woodford, United Kingdom<\/p>\n\n\n\n<p><a href=\"https:\/\/www.aviationmuseum.eu\/Blogvorm\/vliegend-museum-seppe\/\">Vliegend Museum Seppe<\/a> Seppe Netherlands<\/p>\n\n\n\n<p><a href=\"http:\/\/www.aviationmuseum.eu\/Blogvorm\/dornier-museum-friedrichshafen\/\">Dornier Museum Friedrichshafen<\/a>, Germany<\/p>\n\n\n\n<p><a href=\"http:\/\/www.aviationmuseum.eu\/Blogvorm\/fort-bliss-museum\/\">Fort Bliss Museum<\/a> Fort Bliss, Texas USA<\/p>\n\n\n\n<p><a href=\"http:\/\/www.aviationmuseum.eu\/Blogvorm\/norsk-teknisk-museum\/\">Norsk Teknisk Museum<\/a> Oslo, Norway<\/p>\n\n\n\n<p><a href=\"http:\/\/www.aviationmuseum.eu\/Blogvorm\/vintage-flying-museum\/\">Vintage Flying Museum<\/a> Fort Worth, Texas<\/p>\n\n\n\n<p><a href=\"http:\/\/www.aviationmuseum.eu\/Blogvorm\/zeppelin-museum-friedrichshafen\/\">Zeppelin Museum Friedrichshafen<\/a>, Germany<\/p>\n\n\n\n<p><a href=\"http:\/\/www.aviationmuseum.eu\/Blogvorm\/luftfahrt-und-technik-museumspark-merseburg\/\">Luftfahrt und Technik Museumspark<\/a> Merseburg, Germany<\/p>\n\n\n\n<p><a href=\"http:\/\/www.aviationmuseum.eu\/Blogvorm\/national-museum-us-air-force\/\">National Museum of the US Air Force<\/a> Dayton, Ohio USA<\/p>\n\n\n\n<h3 class=\"wp-block-heading\">Monuments\/Gate Guards<\/h3>\n\n\n\n<p><a href=\"https:\/\/www.aviationmuseum.eu\/Blogvorm\/cheongju-university-area-and-seongmu-park\/\" data-type=\"page\" data-id=\"31559\">Cheongju University area and Seongmu park<\/a> Cheongju, Republic of Korea<\/p>\n\n\n\n<p><a href=\"https:\/\/www.aviationmuseum.eu\/Blogvorm\/saab-j35f-draken-vaderstad-sweden\/\">SAAB J35F Draken<\/a> V\u00e4derstad Sweden<\/p>\n\n\n\n<p><a href=\"https:\/\/www.aviationmuseum.eu\/Blogvorm\/gan-international-airport-maldiven\/\">Air Equator Fairchild F-27F 8Q-AEQ<\/a> Gan International Airport, Maldiven<\/p>\n\n\n\n<p><a href=\"https:\/\/www.aviationmuseum.eu\/Blogvorm\/tachikawa-jgsdf-air-base\/\">Tachikawa JGSDF Air Base<\/a> Tachikawa, Japan<\/p>\n\n\n\n<p><a href=\"https:\/\/www.aviationmuseum.eu\/Blogvorm\/berlin-airlift-memorial-frankfurt\/\">Berlin Airlift Memorial Frankfurt\/Luftbr\u00fcckendenkmal<\/a> Frankfurt am Main, Germany<\/p>\n\n\n\n<p><a href=\"http:\/\/www.aviationmuseum.eu\/Blogvorm\/potez-36-14-railway-station-albert-france\/\">Potez 36\/14<\/a> Railway Station Albert, France<\/p>\n\n\n\n<p><a href=\"http:\/\/www.aviationmuseum.eu\/Blogvorm\/cenotafio-monumento-a-malvinas\/\">&#8220;Cenotafio&#8221; Monumento a Malvinas<\/a> Pilar, Buenos Aires Argentina<\/p>\n\n\n\n<p><a href=\"http:\/\/www.aviationmuseum.eu\/Blogvorm\/monument-to-aviators-tiraspol-moldavia\/\">Monument to Aviators (MiG-19P)<\/a> Tiraspol, Moldavia<\/p>\n\n\n\n<p>RNAS Yeovilton <a href=\"http:\/\/www.aviationmuseum.eu\/Blogvorm\/gate-guards-rnas-yeovilton\/\">Gate Guards<\/a><\/p>\n\n\n\n<p><a href=\"http:\/\/www.aviationmuseum.eu\/Blogvorm\/agusta-bell-ab-47j-aeroporto-di-milano-linate\/\">Agusta-Bell AB.47J<\/a> Aeroporto di Milano Linate, Italy<\/p>\n\n\n\n<p><a href=\"http:\/\/www.aviationmuseum.eu\/Blogvorm\/2019\/02\/17\/fiat-g91t-1-riviera-airport-villanova-dalbenga-italy\/\">Fiat G91T\/1<\/a> Riviera Airport, Villanova d&#8217;Albenga, Italy<\/p>\n\n\n\n<p><a href=\"http:\/\/www.aviationmuseum.eu\/Blogvorm\/aermacchi-mb-326e-politecnico-di-milano-department-of-aerospace-science-and-technology\/\">Aermacchi MB.326E<\/a> Politecnico di Milano &#8211; Department of Aerospace Science and Technology, Milan Italy<\/p>\n\n\n\n<p><a href=\"http:\/\/www.aviationmuseum.eu\/Blogvorm\/beech-e18s-f-buop-aeroport-cannes-mandelieu-france\/\">Beech E18S F-BUOP<\/a> Aeroport Cannes-Mandelieu, France<\/p>\n\n\n\n<p><a href=\"http:\/\/www.aviationmuseum.eu\/Blogvorm\/north-american-t-6g-texan-segrate-milan-italy\/\">North American T-6G Texan<\/a> Segrate, Milan Italy<\/p>\n\n\n\n<p><a href=\"http:\/\/www.aviationmuseum.eu\/Blogvorm\/soko-jastreb-and-mig-21-aviation-academy-belgrade-serbia\/\">SOKO Jastreb and MiG-21<\/a> Aviation Academy Belgrade, Serbia<\/p>\n\n\n\n<p><a href=\"http:\/\/www.aviationmuseum.eu\/Blogvorm\/lockheed-at-33a-fae-623-guayaquil-ecuador\/\">Lockheed AT-33A FAE-623<\/a> Guayaquil, Ecuador<\/p>\n\n\n\n<p><a href=\"http:\/\/www.aviationmuseum.eu\/Blogvorm\/gloster-meteor-f-8-mg-162ks-k-citadel-dinant-belgium\/\">Gloster Meteor F.8 MG-162\/KS-K<\/a> Citadel Dinant, Belgium<\/p>\n\n\n\n<p><a href=\"http:\/\/www.aviationmuseum.eu\/Blogvorm\/beechcraft-d18s-cf-mph-rcmp-regina-sask-canada\/\">Beechcraft D18S CF-MPH<\/a> RCMP, Regina Sask Canada<\/p>\n\n\n\n<p><a href=\"http:\/\/www.aviationmuseum.eu\/Blogvorm\/bell-uh-1-pv-2-harpoon-mayday-golf-myrtle-beach-mini-golf-course\/\">Bell UH-1 and PV-2 Harpoon at Mayday Golf \u2013 North Myrtle Beach Mini Golf Course<\/a>&nbsp;North Myrtle Beach, SC USA<\/p>\n\n\n\n<p><a href=\"http:\/\/www.aviationmuseum.eu\/Blogvorm\/fa-18a-hornet-f-84f-thunderstreak-defense-supply-center-richmond-va\/\">F\/A-18A Hornet and F-84F Thunderstreak<\/a> Defense Supply Center Richmond, VA USA<\/p>\n\n\n\n<p><a href=\"http:\/\/www.aviationmuseum.eu\/Blogvorm\/bell-uh-1c-iroquois-n9-3102894-nowra-nsw-australia\/\">Bell UH-1C Iroquois N9-3102\/894 RAN<\/a> &#8211; Nowra NSW Australia<\/p>\n\n\n\n<h3 class=\"wp-block-heading\">Spotted<\/h3>\n\n\n\n<figure class=\"wp-block-embed is-type-video is-provider-youtube wp-block-embed-youtube wp-embed-aspect-16-9 wp-has-aspect-ratio\"><div class=\"wp-block-embed__wrapper\">\n<iframe loading=\"lazy\" title=\"Air Legend 2025 Airshow\" width=\"500\" height=\"281\" src=\"https:\/\/www.youtube.com\/embed\/aLvYgfbX63w?feature=oembed\" frameborder=\"0\" allow=\"accelerometer; autoplay; clipboard-write; encrypted-media; gyroscope; picture-in-picture; web-share\" referrerpolicy=\"strict-origin-when-cross-origin\" allowfullscreen><\/iframe>\n<\/div><\/figure>\n\n\n\n<p><\/p>\n\n\n\n<figure class=\"wp-block-embed is-type-wp-embed is-provider-military-aviation-photography-amp-spotting-reports-zap-16 wp-block-embed-military-aviation-photography-amp-spotting-reports-zap-16\"><div class=\"wp-block-embed__wrapper\">\nhttps:\/\/zap16.com\/2025\/11\/09\/air-legend-2025-brought-historic-aircraft-back-to-melun-villaroche\n<\/div><\/figure>\n\n\n\n<p><a href=\"https:\/\/www.aviationmuseum.eu\/Blogvorm\/dumpstore-valkenburg\/\" data-type=\"page\" data-id=\"36072\">Dumpstore Valkenburg<\/a> Maasbracht, Netherlands<\/p>\n\n\n\n<p>Volkel AB &#8211; <a href=\"http:\/\/www.aviationmuseum.eu\/Blogvorm\/2019\/12\/29\/volkel-ab-royal-netherlands-air-force-days-2019\/\">Royal Netherlands Air Force Days 2019<\/a><\/p>\n\n\n\n<p><a href=\"http:\/\/www.aviationmuseum.eu\/Blogvorm\/2019\/08\/23\/soesterberg-zomeroffensief-2019-nmm-soest-netherlands\/\">Soesterberg Zomeroffensief 2019<\/a>, NMM Soest Netherlands<\/p>\n\n\n\n<p><a href=\"http:\/\/www.aviationmuseum.eu\/Blogvorm\/2019\/07\/22\/l-birds-back-to-normandy-saint-andre-de-leure-france\/\">L-birds back to Normandy<\/a>, Saint-Andre-de-L&#8217;Eure, France<\/p>\n\n\n\n<p><a href=\"http:\/\/www.aviationmuseum.eu\/Blogvorm\/2019\/07\/10\/daks-over-normandy-aeroport-de-caen-carpiquet-france\/\">Daks over Normandy<\/a> &#8211; Aeroport de Caen-Carpiquet, France<\/p>\n\n\n\n<p>Tren\u010d\u00edn-Biskupice, Slovakia &#8211; <a href=\"http:\/\/www.aviationmuseum.eu\/Blogvorm\/stredna-odborna-skola-letecko-technicka\/\">Stredn\u00e1 odborn\u00e1 \u0161kola letecko-technick\u00e1<\/a><\/p>\n\n\n\n<p><a href=\"http:\/\/www.aviationmuseum.eu\/Blogvorm\/2019\/02\/16\/stazione-elicotteri-della-marina-militare-maristaeli-luni-sarzana-italy\/\">Italian Navy Air Station<\/a> \u2013 Maristaeli Luni, Italy<\/p>\n\n\n\n<p><a href=\"http:\/\/www.aviationmuseum.eu\/Blogvorm\/2019\/02\/16\/aviosuperficie-di-montagnana-italy\/\">Aviosuperficie di Montagnana<\/a>, Italy<\/p>\n\n\n\n<p><a href=\"http:\/\/www.aviationmuseum.eu\/Blogvorm\/2019\/01\/19\/fouga-zephyr-and-mirage-5br-le-surples-portes-les-valence-france\/\">Fouga Z\u00e9phyr and Mirage 5BR<\/a>, Le Surples, Portes-l\u00e8s-Valence France<\/p>\n\n\n\n<p><a href=\"http:\/\/www.aviationmuseum.eu\/Blogvorm\/2018\/12\/07\/aeropuerto-internacional-jorge-chavez-lima-peru\/\">Aeropuerto Internacional Jorge Ch\u00e1vez<\/a>, Lima Peru<\/p>\n\n\n\n<p>Duxford &#8211; <a href=\"http:\/\/www.aviationmuseum.eu\/Blogvorm\/2018\/10\/19\/flying-legends-airshow-2018-imperial-war-museum-duxford\/\">Flying Legends Airshow 2018<\/a> Imperial War Museum<\/p>\n\n\n\n<p><a href=\"http:\/\/www.zap16.com\/2018\/10\/20\/july-2018-old-warden-shuttleworth-sunset-airshow\/\" target=\"_blank\" rel=\"noopener\">Shuttleworth Collection Evening Airshow 2018<\/a><\/p>\n\n\n\n<p><a href=\"http:\/\/www.aviationmuseum.eu\/Blogvorm\/2018\/09\/19\/marco-polo-international-airport-venice-italy\/\">Marco Polo International Airport, Venice<\/a> Italy<\/p>\n\n\n\n<p>Kleine Brogel &#8211; <a href=\"http:\/\/www.aviationmuseum.eu\/Blogvorm\/2018\/09\/10\/belgian-air-force-days-2018-kleine-brogel-ab-belgium\/\">Belgian Air Force Days 2018<\/a><\/p>\n\n\n\n<p><a href=\"http:\/\/www.aviationmuseum.eu\/Blogvorm\/2018\/03\/21\/banjul-international-airport-gambia\/\">Banjul International Airport \u2013 Gambia<\/a><\/p>\n\n\n\n<p>Seattle &#8211; <a href=\"http:\/\/www.aviationmuseum.eu\/Blogvorm\/2018\/02\/19\/seattle-tacoma-international-sea-ksea\/\">Seattle Tacoma &#8211; International Airport (SEA KSEA) (Sea-Tac)<\/a><\/p>\n\n\n\n<p>Hoofddorp &#8211; <a href=\"http:\/\/www.aviationmuseum.eu\/Blogvorm\/2018\/01\/24\/roc-van-amsterdam-mbo-college-airport\/\">ROC van Amsterdam \u2013 MBO College Airport<\/a><\/p>\n\n\n\n<p><span class=\"section-info-text\">Cape Town &#8211; <a href=\"http:\/\/www.aviationmuseum.eu\/Blogvorm\/2017\/09\/15\/cape-town-international-airport\/\">Cape Town International Airport<\/a><\/span><\/p>\n\n\n\n<p>Rhenen &#8211; <a href=\"http:\/\/www.aviationmuseum.eu\/Blogvorm\/2017\/07\/11\/ouwehands-dierenpark-rhenen-netherlands\/\">Ouwehands Dierenpark<\/a><\/p>\n\n\n\n<p>Stadtlohn &#8211; <a href=\"http:\/\/www.aviationmuseum.eu\/Blogvorm\/2017\/03\/22\/stadtlohn-vreden-airport\/\">Flugplatz Stadtlohn-Vreden<\/a><\/p>\n\n\n\n<p>RAF Fairford &#8211; <a href=\"http:\/\/www.aviationmuseum.eu\/Blogvorm\/2017\/03\/06\/royal-international-air-tattoo-riat-2016-raf-fairford-united-kingdom\/\">Royal International Air Tattoo (RIAT) 2016<\/a> departure day<\/p>\n\n\n\n<p>Leeuwarden AB \u2013 <a href=\"http:\/\/www.aviationmuseum.eu\/Blogvorm\/2017\/03\/05\/leeuwarden-air-show-2016-netherlands\/\">Royal Netherlands Air Force Airshow 2016<\/a><\/p>\n\n\n\n<h3 class=\"wp-block-heading\">Special<\/h3>\n\n\n\n<p class=\"entry-title\"><a href=\"http:\/\/www.aviationmuseum.eu\/Blogvorm\/2019\/10\/05\/klm-the-worlds-oldest-airline-turns-100\/\">KLM, the world\u2019s oldest airline turns 100<\/a><\/p>\n\n\n\n<p><a href=\"http:\/\/www.aviationmuseum.eu\/Blogvorm\/2019\/05\/01\/1932-graf-zeppelin-visits-rotterdam-waalhaven-airport-netherlands-video\/\">1932 Graf Zeppelin visits Rotterdam &#8211; Waalhaven Airport, Netherlands (Video)<\/a><\/p>\n\n\n\n<p><a href=\"http:\/\/www.aviationmuseum.eu\/Blogvorm\/2019\/04\/01\/1919-the-first-air-show-in-rotterdam-video\/\">1919 the first air show in Rotterdam (Video)<\/a><\/p>\n\n\n\n<p><a href=\"http:\/\/www.aviationmuseum.eu\/Blogvorm\/2018\/10\/01\/flying-legends-2018-duxford-uk-black-and-white-photo-report\/\">Flying Legends 2018, Duxford UK black and white photo report<\/a><\/p>\n\n\n<div class=\"wp-block-image\">\n<figure class=\"aligncenter\"><a href=\"http:\/\/www.aviationmuseum.eu\/Blogvorm\/pacific-aviation-museum-pearl-harbor\/keep-off-museum-exhibits\/\" rel=\"attachment wp-att-19747\"><img loading=\"lazy\" decoding=\"async\" width=\"240\" height=\"360\" src=\"http:\/\/www.aviationmuseum.eu\/Blogvorm\/wp-content\/uploads\/2020\/01\/Keep-Off-Museum-Exhibits-240x360.jpg\" alt=\"Keep Off Museum Exhibits\" class=\"wp-image-19747\" srcset=\"https:\/\/aviationmuseum.eu\/Blogvorm\/wp-content\/uploads\/2020\/01\/Keep-Off-Museum-Exhibits-240x360.jpg 240w, https:\/\/aviationmuseum.eu\/Blogvorm\/wp-content\/uploads\/2020\/01\/Keep-Off-Museum-Exhibits-420x630.jpg 420w, https:\/\/aviationmuseum.eu\/Blogvorm\/wp-content\/uploads\/2020\/01\/Keep-Off-Museum-Exhibits-728x1092.jpg 728w, https:\/\/aviationmuseum.eu\/Blogvorm\/wp-content\/uploads\/2020\/01\/Keep-Off-Museum-Exhibits-600x900.jpg 600w, https:\/\/aviationmuseum.eu\/Blogvorm\/wp-content\/uploads\/2020\/01\/Keep-Off-Museum-Exhibits.jpg 1067w\" sizes=\"auto, (max-width: 240px) 100vw, 240px\" \/><\/a><\/figure><\/div>\n\n\n<p class=\"has-text-align-center\"><\/p>\n\n\n\n<p class=\"has-text-align-center\">if you have any picture of an aviation museum, please share it with us<br><a href=\"mailto:my.museum@aviationmuseum.eu\">my.museum@aviationmuseum.eu<\/a><\/p>\n\n\n\n<figure class=\"wp-block-image size-full is-style-default\"><img loading=\"lazy\" decoding=\"async\" width=\"468\" height=\"60\" src=\"https:\/\/www.aviationmuseum.eu\/Blogvorm\/wp-content\/uploads\/2022\/06\/member_04.jpg\" alt=\"\" class=\"wp-image-25823\" srcset=\"https:\/\/aviationmuseum.eu\/Blogvorm\/wp-content\/uploads\/2022\/06\/member_04.jpg 468w, https:\/\/aviationmuseum.eu\/Blogvorm\/wp-content\/uploads\/2022\/06\/member_04-420x54.jpg 420w, https:\/\/aviationmuseum.eu\/Blogvorm\/wp-content\/uploads\/2022\/06\/member_04-240x31.jpg 240w\" sizes=\"auto, (max-width: 468px) 100vw, 468px\" \/><\/figure>\n","protected":false},"excerpt":{"rendered":"<p>Aviation Museum All about aviation related museums and museums with aircraft in collection, worldwide ordered by country. World Wide Aviation Museums, Air Parks, Aviation Theme&#8230;<\/p>\n","protected":false},"author":3,"featured_media":0,"parent":0,"menu_order":0,"comment_status":"closed","ping_status":"closed","template":"","meta":{"footnotes":""},"class_list":["post-33","page","type-page","status-publish","hentry"],"_links":{"self":[{"href":"https:\/\/aviationmuseum.eu\/Blogvorm\/wp-json\/wp\/v2\/pages\/33","targetHints":{"allow":["GET"]}}],"collection":[{"href":"https:\/\/aviationmuseum.eu\/Blogvorm\/wp-json\/wp\/v2\/pages"}],"about":[{"href":"https:\/\/aviationmuseum.eu\/Blogvorm\/wp-json\/wp\/v2\/types\/page"}],"author":[{"embeddable":true,"href":"https:\/\/aviationmuseum.eu\/Blogvorm\/wp-json\/wp\/v2\/users\/3"}],"replies":[{"embeddable":true,"href":"https:\/\/aviationmuseum.eu\/Blogvorm\/wp-json\/wp\/v2\/comments?post=33"}],"version-history":[{"count":593,"href":"https:\/\/aviationmuseum.eu\/Blogvorm\/wp-json\/wp\/v2\/pages\/33\/revisions"}],"predecessor-version":[{"id":36799,"href":"https:\/\/aviationmuseum.eu\/Blogvorm\/wp-json\/wp\/v2\/pages\/33\/revisions\/36799"}],"wp:attachment":[{"href":"https:\/\/aviationmuseum.eu\/Blogvorm\/wp-json\/wp\/v2\/media?parent=33"}],"curies":[{"name":"wp","href":"https:\/\/api.w.org\/{rel}","templated":true}]}}