{"id":3337,"date":"2016-02-26T17:57:43","date_gmt":"2016-02-26T15:57:43","guid":{"rendered":"http:\/\/www.aviationmuseum.eu\/Blogvorm\/?page_id=3337"},"modified":"2025-03-19T22:49:01","modified_gmt":"2025-03-19T20:49:01","slug":"muzejne-oddelenie-svidnik","status":"publish","type":"page","link":"https:\/\/aviationmuseum.eu\/Blogvorm\/muzejne-oddelenie-svidnik\/","title":{"rendered":"M\u00fazejn\u00e9 oddelenie Svidn\u00edk"},"content":{"rendered":"\n<p>The <strong>M\u00fazejn\u00e9 oddelenie Svidn\u00edk<\/strong> (<strong>Museum Department Svidn\u00edk<\/strong>) is a branch of the <strong>Military Historical Museum<\/strong> in Slovakia, dedicated to preserving and presenting the history of military conflicts in the region, particularly those related to World War II. It is located in the town of Svidn\u00edk, a historically significant area due to its role in the <strong>Battle of the Dukla Pass<\/strong>, one of the pivotal battles on the Eastern Front during the war.<\/p>\n\n\n\n<p><strong>M\u00fazejn\u00e9 oddelenie Svidn\u00edk \/ Historical Institute \/ Dukla Pass Museum<\/strong><\/p>\n\n\n\n<p>Bardejovsk\u00e1<\/p>\n\n\n\n<p>089 01 Svidn\u00edk<\/p>\n\n\n\n<p><a href=\"http:\/\/www.aviationmuseum.eu\/Blogvorm\/2015\/05\/30\/slovak-republic\/\">Slovakia<\/a><\/p>\n\n\n\n<p><a href=\"http:\/\/www.vhu.sk\" target=\"_blank\" rel=\"noopener noreferrer\">www.vhu.sk<\/a><\/p>\n\n\n\n<p><a href=\"mailto:vhmsvidnik@vhu.sk\">vhmsvidnik@vhu.sk<\/a><\/p>\n\n\n\n<p>+421 54\/752 13 98<\/p>\n\n\n\n<p>May 1 &#8211; October 15<\/p>\n\n\n\n<ul class=\"wp-block-list\">\n<li>Tuesday &#8211; Sunday 09:00 -17:00<\/li>\n<\/ul>\n\n\n\n<p>October 16 &#8211; November 30<\/p>\n\n\n\n<ul class=\"wp-block-list\">\n<li>Tuesday \u2013 Friday 09:00 \u2013 15:00<\/li>\n\n\n\n<li>Saturday \u2013 Sunday 11:00 \u2013 15:00<\/li>\n<\/ul>\n\n\n\n<p>December&nbsp;1&nbsp;&nbsp;&#8211; March 3<\/p>\n\n\n\n<ul class=\"wp-block-list\">\n<li>Tuesday \u2013 Friday 09:00 \u2013 15:00<\/li>\n<\/ul>\n\n\n\n<p>Closed Saturday, Sunday and public holidays<\/p>\n\n\n\n<p>Admission fee<\/p>\n\n\n\n<p>Gift shop<\/p>\n\n\n\n<p><iframe loading=\"lazy\" style=\"border: 0;\" src=\"https:\/\/www.google.com\/maps\/embed?pb=!1m18!1m12!1m3!1d332971.0732910029!2d21.285684849945167!3d49.307910576903986!2m3!1f0!2f0!3f0!3m2!1i1024!2i768!4f13.1!3m3!1m2!1s0x0000000000000000%3A0x1756d95c8c1377b8!2sSvidnik+Open-Air+Army+Museum!5e0!3m2!1sen!2sus!4v1456502215497\" width=\"600\" height=\"450\" frameborder=\"0\" allowfullscreen=\"allowfullscreen\"><\/iframe><\/p>\n\n\n\n<h3 class=\"wp-block-heading\">Aircraft collection<\/h3>\n\n\n\n<figure class=\"wp-block-image\"><a href=\"http:\/\/www.aviationmuseum.eu\/Blogvorm\/muzejne-oddelenie-svidnik\/lisunov-li-2-50\/\" rel=\"attachment wp-att-3338\"><img loading=\"lazy\" decoding=\"async\" width=\"240\" height=\"180\" src=\"http:\/\/www.aviationmuseum.eu\/Blogvorm\/wp-content\/uploads\/2016\/02\/Lisunov-Li-2-50.jpg\" alt=\"Lisunov Li-2 50\" class=\"wp-image-3338\"\/><\/a><\/figure>\n\n\n\n<figure class=\"wp-block-table\"><table class=\"has-fixed-layout\"><tbody><tr><td>HL-01<p><\/p>\n<p>50<\/p><\/td><td>Avia B-33<p><\/p>\n<p>Lisunov Li-2<\/p><\/td><\/tr><\/tbody><\/table><\/figure>\n\n\n\n<h4 class=\"wp-block-heading\"><strong>Exhibits<\/strong>:<\/h4>\n\n\n\n<ol class=\"wp-block-list\">\n<li><strong>World War II Artifacts<\/strong>:\n<ul class=\"wp-block-list\">\n<li>Displays include weapons, uniforms, equipment, and personal items from soldiers who fought in the region.<\/li>\n\n\n\n<li>Documents, photographs, and maps provide a detailed narrative of the battles and military strategies.<\/li>\n<\/ul>\n<\/li>\n\n\n\n<li><strong>The Dukla Pass<\/strong>:\n<ul class=\"wp-block-list\">\n<li>A dedicated section focuses on the <strong>Battle of the Dukla Pass<\/strong> (1944), with artifacts and exhibits highlighting the challenges and sacrifices of the soldiers involved.<\/li>\n\n\n\n<li>Dioramas and multimedia presentations offer an immersive understanding of the conflict.<\/li>\n<\/ul>\n<\/li>\n\n\n\n<li><strong>Outdoor Displays<\/strong>:\n<ul class=\"wp-block-list\">\n<li>Larger military equipment, such as tanks, artillery, and vehicles, aircraft <strong>Avia B-33, Lisunov Li-2<\/strong> are exhibited outdoors.<\/li>\n\n\n\n<li>The museum\u2019s grounds serve as an open-air showcase of heavy military technology used during World War II.<\/li>\n<\/ul>\n<\/li>\n\n\n\n<li><strong>Regional Military History<\/strong>:\n<ul class=\"wp-block-list\">\n<li>Exhibits explore the broader context of military history in the region, including earlier conflicts and post-war military developments.<\/li>\n<\/ul>\n<\/li>\n<\/ol>\n\n\n\n<p>The exposition includes 20km (12.43miles) long open-air museum representing <strong>Dukla battlefield<\/strong> where you can find heavy military weapons, reconstructed firing positions of artillery troops, bunkers and other military relics of <strong>World War II<\/strong>.<\/p>\n","protected":false},"excerpt":{"rendered":"<p>The M\u00fazejn\u00e9 oddelenie Svidn\u00edk (Museum Department Svidn\u00edk) is a branch of the Military Historical Museum in Slovakia, dedicated to preserving and presenting the history of&#8230;<\/p>\n","protected":false},"author":2,"featured_media":0,"parent":0,"menu_order":0,"comment_status":"closed","ping_status":"closed","template":"","meta":{"footnotes":""},"class_list":["post-3337","page","type-page","status-publish","hentry"],"_links":{"self":[{"href":"https:\/\/aviationmuseum.eu\/Blogvorm\/wp-json\/wp\/v2\/pages\/3337","targetHints":{"allow":["GET"]}}],"collection":[{"href":"https:\/\/aviationmuseum.eu\/Blogvorm\/wp-json\/wp\/v2\/pages"}],"about":[{"href":"https:\/\/aviationmuseum.eu\/Blogvorm\/wp-json\/wp\/v2\/types\/page"}],"author":[{"embeddable":true,"href":"https:\/\/aviationmuseum.eu\/Blogvorm\/wp-json\/wp\/v2\/users\/2"}],"replies":[{"embeddable":true,"href":"https:\/\/aviationmuseum.eu\/Blogvorm\/wp-json\/wp\/v2\/comments?post=3337"}],"version-history":[{"count":3,"href":"https:\/\/aviationmuseum.eu\/Blogvorm\/wp-json\/wp\/v2\/pages\/3337\/revisions"}],"predecessor-version":[{"id":30490,"href":"https:\/\/aviationmuseum.eu\/Blogvorm\/wp-json\/wp\/v2\/pages\/3337\/revisions\/30490"}],"wp:attachment":[{"href":"https:\/\/aviationmuseum.eu\/Blogvorm\/wp-json\/wp\/v2\/media?parent=3337"}],"curies":[{"name":"wp","href":"https:\/\/api.w.org\/{rel}","templated":true}]}}