{"id":3400,"date":"2016-02-27T20:16:32","date_gmt":"2016-02-27T18:16:32","guid":{"rendered":"http:\/\/www.aviationmuseum.eu\/Blogvorm\/?page_id=3400"},"modified":"2026-02-13T18:01:56","modified_gmt":"2026-02-13T16:01:56","slug":"angelholms-airforce-museum","status":"publish","type":"page","link":"https:\/\/aviationmuseum.eu\/Blogvorm\/angelholms-airforce-museum\/","title":{"rendered":"\u00c4ngelholms Airforce museum"},"content":{"rendered":"\n<p>Located in <strong>\u00c4ngelholm<\/strong>, Sweden, the <strong>\u00c4ngelholms Airforce Museum (\u00c4ngelholms Flygmuseum)<\/strong> is a fascinating destination for <strong>aviation enthusiasts<\/strong>, offering a comprehensive look at Sweden&#8217;s air force history. The museum is dedicated to preserving and showcasing the legacy of <strong>Swedish military aviation<\/strong>, with a particular focus on the aircraft used by the <strong>Swedish Air Force<\/strong> throughout the 20th century.<\/p>\n\n\n\n<p><strong>\u00c4ngelholms Airforce museum<\/strong><\/p>\n\n\n\n<p><span class=\"widget-pane-section-info-text\">Valhall Park<\/span><\/p>\n\n\n\n<p><span class=\"widget-pane-section-info-text\">262 74 \u00c4ngelholm<\/span><\/p>\n\n\n\n<p><a href=\"http:\/\/www.aviationmuseum.eu\/Blogvorm\/2015\/05\/30\/sweden\/\">Sweden<\/a><\/p>\n\n\n\n<p><a href=\"http:\/\/www.engelholmsflygmuseum.se\/\" target=\"_blank\" rel=\"noopener noreferrer\">www.engelholmsflygmuseum.se<\/a><\/p>\n\n\n\n<p><a href=\"mailto:info@f10kamratforening.se\">info@f10kamratforening.se<\/a><\/p>\n\n\n\n<p><span id=\"skype_c2c_container\" dir=\"ltr\" tabindex=\"-1\" data-numbertocall=\"+4643114810\" data-numbertype=\"paid\" data-isfreecall=\"false\" data-isrtl=\"false\" data-ismobile=\"false\"><span dir=\"ltr\"><span id=\"non_free_num_ui\">+46 431 46 89 13<\/span><\/span><\/span><\/p>\n\n\n\n<p>September-May Saturday-Sunday 10-16, June-August daily 10-16.<br>(Closed Midsummer Eve, Midsummer Day, 24-25\/12, 31\/12-1\/1).<\/p>\n\n\n\n<p>Admission fee<\/p>\n\n\n\n<p>Gift shop<\/p>\n\n\n\n<figure class=\"wp-block-image\"><a href=\"https:\/\/www.facebook.com\/angelholmsflygmuseum\/\" target=\"_blank\" rel=\"attachment wp-att-922 noopener noreferrer\"><img loading=\"lazy\" decoding=\"async\" width=\"25\" height=\"25\" src=\"http:\/\/www.aviationmuseum.eu\/Blogvorm\/wp-content\/uploads\/2015\/12\/facebook.jpg\" alt=\"facebook\" class=\"wp-image-922\"\/><\/a><\/figure>\n\n\n\n<p>From road E6 to the north departure to Angelholm follow signs to Valhall Park. (Do not follow the signs to the civil airport which is located at the other side of the airfield).<\/p>\n\n\n\n<p><iframe loading=\"lazy\" style=\"border: 0;\" src=\"https:\/\/www.google.com\/maps\/embed?pb=!1m18!1m12!1m3!1d283444.4085658328!2d12.566031250364036!3d56.28824468069999!2m3!1f0!2f0!3f0!3m2!1i1024!2i768!4f13.1!3m3!1m2!1s0x465180f6d3cd1e0d%3A0xf8a38bad1d3db36!2s%C3%84ngelholms+Airforce+museum!5e0!3m2!1snl!2snl!4v1456596295878\" width=\"600\" height=\"450\" frameborder=\"0\" allowfullscreen=\"allowfullscreen\"><\/iframe><\/p>\n\n\n\n<h3 class=\"wp-block-heading\">Aircraft collection<\/h3>\n\n\n\n<figure class=\"wp-block-image size-large\"><a href=\"http:\/\/www.aviationmuseum.eu\/Blogvorm\/angelholms-airforce-museum\/ffvs-j22a-22185-k-swedish-air-force\/\" rel=\"attachment wp-att-15861\"><img loading=\"lazy\" decoding=\"async\" width=\"728\" height=\"410\" src=\"https:\/\/www.aviationmuseum.eu\/Blogvorm\/wp-content\/uploads\/2018\/12\/FFVS-J22A-22185-K-Swedish-Air-Force-2-728x410.jpg\" alt=\"FFVS J22A 22185\/K Swedish Air Force, \u00c4ngelholms Airforce museum, \u00c4ngelholm Sweden\" class=\"wp-image-15861\" srcset=\"https:\/\/aviationmuseum.eu\/Blogvorm\/wp-content\/uploads\/2018\/12\/FFVS-J22A-22185-K-Swedish-Air-Force-2-728x410.jpg 728w, https:\/\/aviationmuseum.eu\/Blogvorm\/wp-content\/uploads\/2018\/12\/FFVS-J22A-22185-K-Swedish-Air-Force-2-240x135.jpg 240w, https:\/\/aviationmuseum.eu\/Blogvorm\/wp-content\/uploads\/2018\/12\/FFVS-J22A-22185-K-Swedish-Air-Force-2-420x236.jpg 420w, https:\/\/aviationmuseum.eu\/Blogvorm\/wp-content\/uploads\/2018\/12\/FFVS-J22A-22185-K-Swedish-Air-Force-2-600x338.jpg 600w, https:\/\/aviationmuseum.eu\/Blogvorm\/wp-content\/uploads\/2018\/12\/FFVS-J22A-22185-K-Swedish-Air-Force-2-777x437.jpg 777w, https:\/\/aviationmuseum.eu\/Blogvorm\/wp-content\/uploads\/2018\/12\/FFVS-J22A-22185-K-Swedish-Air-Force-2-180x101.jpg 180w, https:\/\/aviationmuseum.eu\/Blogvorm\/wp-content\/uploads\/2018\/12\/FFVS-J22A-22185-K-Swedish-Air-Force-2-260x146.jpg 260w, https:\/\/aviationmuseum.eu\/Blogvorm\/wp-content\/uploads\/2018\/12\/FFVS-J22A-22185-K-Swedish-Air-Force-2-373x210.jpg 373w, https:\/\/aviationmuseum.eu\/Blogvorm\/wp-content\/uploads\/2018\/12\/FFVS-J22A-22185-K-Swedish-Air-Force-2-120x67.jpg 120w, https:\/\/aviationmuseum.eu\/Blogvorm\/wp-content\/uploads\/2018\/12\/FFVS-J22A-22185-K-Swedish-Air-Force-2.jpg 1200w\" sizes=\"auto, (max-width: 728px) 100vw, 728px\" \/><\/a><\/figure>\n\n\n\n<p>FFVS J22A 22185\/K Swedish Air Force<\/p>\n\n\n\n<figure class=\"wp-block-table\"><table class=\"has-fixed-layout\"><tbody><tr><td>&#8211;<br><br>(SE-DXV) F5-105<br><br>22185\/K<br><br>2305<br><br>29575\/B<br><br>107<br><br>35409\/35<br><br>35606<br><br>35630\/30<br><br>37976\/66<br><br>39101\/101<br><br>39150\/150<br><br>50007\/76<br><br>60082\/82<br><br>61006\/06<\/td><td>Bristol Bloodhound II (Rb68)<br><br>de Havilland Vampire T.55<br><br>FFVS J22A<br><br>Reggiane 2000 (J20 tail only)<br><br>SAAB J29F Tunnan<br><br>SAAB 35 (simulator)<br><br>SAAB J35J Draken (on pole)<br><br>SAAB J35J Draken (cockpit)<br><br>SAAB J35J Draken<br><br>SAAB SF37 Viggen<br><br>SAAB JAS39A Gripen<br><br>SAAB JAS39A Gripen (cockpit)<br><br>SAAB 91B Safir (Sk50B)<br><br>SAAB 105 (Sk60B)<br><br>Scottish Aviation Sk61A Bulldog<\/td><\/tr><\/tbody><\/table><\/figure>\n\n\n\n<p>The museum was opened in June 2004 after closing of the wing F10. flight simulator and&nbsp;a lot of&nbsp;equipment from&nbsp; the operations of the wing F10 of the&nbsp;Swedish Air Force. The <strong>\u00c4ngelholms Air Force museum<\/strong> is continuously developed and completed.<\/p>\n\n\n\n<figure class=\"wp-block-image size-large\"><a href=\"http:\/\/www.aviationmuseum.eu\/Blogvorm\/angelholms-airforce-museum\/bristol-bloodhound-ii-rb68\/\" rel=\"attachment wp-att-15864\"><img loading=\"lazy\" decoding=\"async\" width=\"728\" height=\"546\" src=\"https:\/\/www.aviationmuseum.eu\/Blogvorm\/wp-content\/uploads\/2018\/12\/Bristol-Bloodhound-II-Rb68-728x546.jpg\" alt=\"Bristol Bloodhound II (Rb68), \u00c4ngelholms Airforce museum, \u00c4ngelholm Sweden\" class=\"wp-image-15864\" srcset=\"https:\/\/aviationmuseum.eu\/Blogvorm\/wp-content\/uploads\/2018\/12\/Bristol-Bloodhound-II-Rb68-728x546.jpg 728w, https:\/\/aviationmuseum.eu\/Blogvorm\/wp-content\/uploads\/2018\/12\/Bristol-Bloodhound-II-Rb68-240x180.jpg 240w, https:\/\/aviationmuseum.eu\/Blogvorm\/wp-content\/uploads\/2018\/12\/Bristol-Bloodhound-II-Rb68-420x315.jpg 420w, https:\/\/aviationmuseum.eu\/Blogvorm\/wp-content\/uploads\/2018\/12\/Bristol-Bloodhound-II-Rb68-600x450.jpg 600w, https:\/\/aviationmuseum.eu\/Blogvorm\/wp-content\/uploads\/2018\/12\/Bristol-Bloodhound-II-Rb68.jpg 1200w\" sizes=\"auto, (max-width: 728px) 100vw, 728px\" \/><\/a><\/figure>\n\n\n\n<p>Bristol Bloodhound II (Rb68)<\/p>\n\n\n\n<figure class=\"wp-block-image size-large\"><a href=\"http:\/\/www.aviationmuseum.eu\/Blogvorm\/angelholms-airforce-museum\/ffvs-j22a-22185-k-swedish-air-force-2\/\" rel=\"attachment wp-att-15865\"><img loading=\"lazy\" decoding=\"async\" width=\"728\" height=\"410\" src=\"https:\/\/www.aviationmuseum.eu\/Blogvorm\/wp-content\/uploads\/2018\/12\/FFVS-J22A-22185-K-Swedish-Air-Force-728x410.jpg\" alt=\"FFVS J22A 22185\/K Swedish Air Force, \u00c4ngelholms Airforce museum, \u00c4ngelholm Sweden\" class=\"wp-image-15865\" srcset=\"https:\/\/aviationmuseum.eu\/Blogvorm\/wp-content\/uploads\/2018\/12\/FFVS-J22A-22185-K-Swedish-Air-Force-728x410.jpg 728w, https:\/\/aviationmuseum.eu\/Blogvorm\/wp-content\/uploads\/2018\/12\/FFVS-J22A-22185-K-Swedish-Air-Force-240x135.jpg 240w, https:\/\/aviationmuseum.eu\/Blogvorm\/wp-content\/uploads\/2018\/12\/FFVS-J22A-22185-K-Swedish-Air-Force-420x236.jpg 420w, https:\/\/aviationmuseum.eu\/Blogvorm\/wp-content\/uploads\/2018\/12\/FFVS-J22A-22185-K-Swedish-Air-Force-600x338.jpg 600w, https:\/\/aviationmuseum.eu\/Blogvorm\/wp-content\/uploads\/2018\/12\/FFVS-J22A-22185-K-Swedish-Air-Force-777x437.jpg 777w, https:\/\/aviationmuseum.eu\/Blogvorm\/wp-content\/uploads\/2018\/12\/FFVS-J22A-22185-K-Swedish-Air-Force-180x101.jpg 180w, https:\/\/aviationmuseum.eu\/Blogvorm\/wp-content\/uploads\/2018\/12\/FFVS-J22A-22185-K-Swedish-Air-Force-260x146.jpg 260w, https:\/\/aviationmuseum.eu\/Blogvorm\/wp-content\/uploads\/2018\/12\/FFVS-J22A-22185-K-Swedish-Air-Force-373x210.jpg 373w, https:\/\/aviationmuseum.eu\/Blogvorm\/wp-content\/uploads\/2018\/12\/FFVS-J22A-22185-K-Swedish-Air-Force-120x67.jpg 120w, https:\/\/aviationmuseum.eu\/Blogvorm\/wp-content\/uploads\/2018\/12\/FFVS-J22A-22185-K-Swedish-Air-Force.jpg 1200w\" sizes=\"auto, (max-width: 728px) 100vw, 728px\" \/><\/a><\/figure>\n\n\n\n<p>FFVS J22A 22185\/K Swedish Air Force<\/p>\n\n\n\n<figure class=\"wp-block-image size-large\"><a href=\"http:\/\/www.aviationmuseum.eu\/Blogvorm\/angelholms-airforce-museum\/saab-91b-safir-sk50b-50007-76-swedish-air-force\/\" rel=\"attachment wp-att-15866\"><img loading=\"lazy\" decoding=\"async\" width=\"728\" height=\"410\" src=\"https:\/\/www.aviationmuseum.eu\/Blogvorm\/wp-content\/uploads\/2018\/12\/SAAB-91B-Safir-Sk50B-50007-76-Swedish-Air-Force-728x410.jpg\" alt=\"SAAB 91B Safir (Sk50B) 50007\/76 Swedish Air Force, \u00c4ngelholms Airforce museum, \u00c4ngelholm Sweden\" class=\"wp-image-15866\" srcset=\"https:\/\/aviationmuseum.eu\/Blogvorm\/wp-content\/uploads\/2018\/12\/SAAB-91B-Safir-Sk50B-50007-76-Swedish-Air-Force-728x410.jpg 728w, https:\/\/aviationmuseum.eu\/Blogvorm\/wp-content\/uploads\/2018\/12\/SAAB-91B-Safir-Sk50B-50007-76-Swedish-Air-Force-240x135.jpg 240w, https:\/\/aviationmuseum.eu\/Blogvorm\/wp-content\/uploads\/2018\/12\/SAAB-91B-Safir-Sk50B-50007-76-Swedish-Air-Force-420x236.jpg 420w, https:\/\/aviationmuseum.eu\/Blogvorm\/wp-content\/uploads\/2018\/12\/SAAB-91B-Safir-Sk50B-50007-76-Swedish-Air-Force-600x338.jpg 600w, https:\/\/aviationmuseum.eu\/Blogvorm\/wp-content\/uploads\/2018\/12\/SAAB-91B-Safir-Sk50B-50007-76-Swedish-Air-Force-777x437.jpg 777w, https:\/\/aviationmuseum.eu\/Blogvorm\/wp-content\/uploads\/2018\/12\/SAAB-91B-Safir-Sk50B-50007-76-Swedish-Air-Force-180x101.jpg 180w, https:\/\/aviationmuseum.eu\/Blogvorm\/wp-content\/uploads\/2018\/12\/SAAB-91B-Safir-Sk50B-50007-76-Swedish-Air-Force-260x146.jpg 260w, https:\/\/aviationmuseum.eu\/Blogvorm\/wp-content\/uploads\/2018\/12\/SAAB-91B-Safir-Sk50B-50007-76-Swedish-Air-Force-373x210.jpg 373w, https:\/\/aviationmuseum.eu\/Blogvorm\/wp-content\/uploads\/2018\/12\/SAAB-91B-Safir-Sk50B-50007-76-Swedish-Air-Force-120x67.jpg 120w, https:\/\/aviationmuseum.eu\/Blogvorm\/wp-content\/uploads\/2018\/12\/SAAB-91B-Safir-Sk50B-50007-76-Swedish-Air-Force.jpg 1200w\" sizes=\"auto, (max-width: 728px) 100vw, 728px\" \/><\/a><\/figure>\n\n\n\n<p>SAAB 91B Safir (Sk50B) 50007\/76 Swedish Air Force<\/p>\n\n\n\n<figure class=\"wp-block-image size-large\"><a href=\"http:\/\/www.aviationmuseum.eu\/Blogvorm\/angelholms-airforce-museum\/saab-105-sk60b-60082-82-swedish-air-force\/\" rel=\"attachment wp-att-15867\"><img loading=\"lazy\" decoding=\"async\" width=\"728\" height=\"369\" src=\"https:\/\/www.aviationmuseum.eu\/Blogvorm\/wp-content\/uploads\/2018\/12\/SAAB-105-Sk60B-60082-82-Swedish-Air-Force-728x369.jpg\" alt=\"SAAB 105 (Sk60B) 60082\/82 Swedish Air Force, \u00c4ngelholms Airforce museum, \u00c4ngelholm Sweden\" class=\"wp-image-15867\" srcset=\"https:\/\/aviationmuseum.eu\/Blogvorm\/wp-content\/uploads\/2018\/12\/SAAB-105-Sk60B-60082-82-Swedish-Air-Force-728x369.jpg 728w, https:\/\/aviationmuseum.eu\/Blogvorm\/wp-content\/uploads\/2018\/12\/SAAB-105-Sk60B-60082-82-Swedish-Air-Force-240x122.jpg 240w, https:\/\/aviationmuseum.eu\/Blogvorm\/wp-content\/uploads\/2018\/12\/SAAB-105-Sk60B-60082-82-Swedish-Air-Force-420x213.jpg 420w, https:\/\/aviationmuseum.eu\/Blogvorm\/wp-content\/uploads\/2018\/12\/SAAB-105-Sk60B-60082-82-Swedish-Air-Force-600x305.jpg 600w, https:\/\/aviationmuseum.eu\/Blogvorm\/wp-content\/uploads\/2018\/12\/SAAB-105-Sk60B-60082-82-Swedish-Air-Force.jpg 1200w\" sizes=\"auto, (max-width: 728px) 100vw, 728px\" \/><\/a><\/figure>\n\n\n\n<p>SAAB 105 (Sk60B) 60082\/82 Swedish Air Force<\/p>\n\n\n\n<figure class=\"wp-block-image size-large\"><a href=\"http:\/\/www.aviationmuseum.eu\/Blogvorm\/angelholms-airforce-museum\/saab-j29f-tunnan-29575-b-swedish-air-force\/\" rel=\"attachment wp-att-15868\"><img loading=\"lazy\" decoding=\"async\" width=\"728\" height=\"410\" src=\"https:\/\/www.aviationmuseum.eu\/Blogvorm\/wp-content\/uploads\/2018\/12\/SAAB-J29F-Tunnan-29575-B-Swedish-Air-Force-728x410.jpg\" alt=\"SAAB J29F Tunnan 29575\/B Swedish Air Force, \u00c4ngelholms Airforce museum, \u00c4ngelholm Sweden\" class=\"wp-image-15868\" srcset=\"https:\/\/aviationmuseum.eu\/Blogvorm\/wp-content\/uploads\/2018\/12\/SAAB-J29F-Tunnan-29575-B-Swedish-Air-Force-728x410.jpg 728w, https:\/\/aviationmuseum.eu\/Blogvorm\/wp-content\/uploads\/2018\/12\/SAAB-J29F-Tunnan-29575-B-Swedish-Air-Force-240x135.jpg 240w, https:\/\/aviationmuseum.eu\/Blogvorm\/wp-content\/uploads\/2018\/12\/SAAB-J29F-Tunnan-29575-B-Swedish-Air-Force-420x236.jpg 420w, https:\/\/aviationmuseum.eu\/Blogvorm\/wp-content\/uploads\/2018\/12\/SAAB-J29F-Tunnan-29575-B-Swedish-Air-Force-600x338.jpg 600w, https:\/\/aviationmuseum.eu\/Blogvorm\/wp-content\/uploads\/2018\/12\/SAAB-J29F-Tunnan-29575-B-Swedish-Air-Force-777x437.jpg 777w, https:\/\/aviationmuseum.eu\/Blogvorm\/wp-content\/uploads\/2018\/12\/SAAB-J29F-Tunnan-29575-B-Swedish-Air-Force-180x101.jpg 180w, https:\/\/aviationmuseum.eu\/Blogvorm\/wp-content\/uploads\/2018\/12\/SAAB-J29F-Tunnan-29575-B-Swedish-Air-Force-260x146.jpg 260w, https:\/\/aviationmuseum.eu\/Blogvorm\/wp-content\/uploads\/2018\/12\/SAAB-J29F-Tunnan-29575-B-Swedish-Air-Force-373x210.jpg 373w, https:\/\/aviationmuseum.eu\/Blogvorm\/wp-content\/uploads\/2018\/12\/SAAB-J29F-Tunnan-29575-B-Swedish-Air-Force-120x67.jpg 120w, https:\/\/aviationmuseum.eu\/Blogvorm\/wp-content\/uploads\/2018\/12\/SAAB-J29F-Tunnan-29575-B-Swedish-Air-Force.jpg 1200w\" sizes=\"auto, (max-width: 728px) 100vw, 728px\" \/><\/a><\/figure>\n\n\n\n<p>SAAB J29F Tunnan 29575\/B Swedish Air Force<\/p>\n\n\n\n<figure class=\"wp-block-image size-large\"><a href=\"http:\/\/www.aviationmuseum.eu\/Blogvorm\/angelholms-airforce-museum\/saab-j35j-draken-35409-35-swedish-air-force\/\" rel=\"attachment wp-att-15869\"><img loading=\"lazy\" decoding=\"async\" width=\"728\" height=\"546\" src=\"https:\/\/www.aviationmuseum.eu\/Blogvorm\/wp-content\/uploads\/2018\/12\/SAAB-J35J-Draken-35409-35-Swedish-Air-Force-728x546.jpg\" alt=\"SAAB J35J Draken 35409\/35 Swedish Air Force, \u00c4ngelholms Airforce museum, \u00c4ngelholm Sweden\" class=\"wp-image-15869\" srcset=\"https:\/\/aviationmuseum.eu\/Blogvorm\/wp-content\/uploads\/2018\/12\/SAAB-J35J-Draken-35409-35-Swedish-Air-Force-728x546.jpg 728w, https:\/\/aviationmuseum.eu\/Blogvorm\/wp-content\/uploads\/2018\/12\/SAAB-J35J-Draken-35409-35-Swedish-Air-Force-240x180.jpg 240w, https:\/\/aviationmuseum.eu\/Blogvorm\/wp-content\/uploads\/2018\/12\/SAAB-J35J-Draken-35409-35-Swedish-Air-Force-420x315.jpg 420w, https:\/\/aviationmuseum.eu\/Blogvorm\/wp-content\/uploads\/2018\/12\/SAAB-J35J-Draken-35409-35-Swedish-Air-Force-600x450.jpg 600w, https:\/\/aviationmuseum.eu\/Blogvorm\/wp-content\/uploads\/2018\/12\/SAAB-J35J-Draken-35409-35-Swedish-Air-Force.jpg 1200w\" sizes=\"auto, (max-width: 728px) 100vw, 728px\" \/><\/a><\/figure>\n\n\n\n<p>SAAB J35J Draken 35409\/35 Swedish Air Force<\/p>\n\n\n\n<figure class=\"wp-block-image size-large\"><a href=\"http:\/\/www.aviationmuseum.eu\/Blogvorm\/angelholms-airforce-museum\/saab-j35j-draken-35630-30-swedish-air-force\/\" rel=\"attachment wp-att-15870\"><img loading=\"lazy\" decoding=\"async\" width=\"728\" height=\"410\" src=\"https:\/\/www.aviationmuseum.eu\/Blogvorm\/wp-content\/uploads\/2018\/12\/SAAB-J35J-Draken-35630-30-Swedish-Air-Force-728x410.jpg\" alt=\"SAAB J35J Draken 35630\/30 Swedish Air Force, \u00c4ngelholms Airforce museum, \u00c4ngelholm Sweden\" class=\"wp-image-15870\" srcset=\"https:\/\/aviationmuseum.eu\/Blogvorm\/wp-content\/uploads\/2018\/12\/SAAB-J35J-Draken-35630-30-Swedish-Air-Force-728x410.jpg 728w, https:\/\/aviationmuseum.eu\/Blogvorm\/wp-content\/uploads\/2018\/12\/SAAB-J35J-Draken-35630-30-Swedish-Air-Force-240x135.jpg 240w, https:\/\/aviationmuseum.eu\/Blogvorm\/wp-content\/uploads\/2018\/12\/SAAB-J35J-Draken-35630-30-Swedish-Air-Force-420x236.jpg 420w, https:\/\/aviationmuseum.eu\/Blogvorm\/wp-content\/uploads\/2018\/12\/SAAB-J35J-Draken-35630-30-Swedish-Air-Force-600x338.jpg 600w, https:\/\/aviationmuseum.eu\/Blogvorm\/wp-content\/uploads\/2018\/12\/SAAB-J35J-Draken-35630-30-Swedish-Air-Force-777x437.jpg 777w, https:\/\/aviationmuseum.eu\/Blogvorm\/wp-content\/uploads\/2018\/12\/SAAB-J35J-Draken-35630-30-Swedish-Air-Force-180x101.jpg 180w, https:\/\/aviationmuseum.eu\/Blogvorm\/wp-content\/uploads\/2018\/12\/SAAB-J35J-Draken-35630-30-Swedish-Air-Force-260x146.jpg 260w, https:\/\/aviationmuseum.eu\/Blogvorm\/wp-content\/uploads\/2018\/12\/SAAB-J35J-Draken-35630-30-Swedish-Air-Force-373x210.jpg 373w, https:\/\/aviationmuseum.eu\/Blogvorm\/wp-content\/uploads\/2018\/12\/SAAB-J35J-Draken-35630-30-Swedish-Air-Force-120x67.jpg 120w, https:\/\/aviationmuseum.eu\/Blogvorm\/wp-content\/uploads\/2018\/12\/SAAB-J35J-Draken-35630-30-Swedish-Air-Force.jpg 1200w\" sizes=\"auto, (max-width: 728px) 100vw, 728px\" \/><\/a><\/figure>\n\n\n\n<p>SAAB J35J Draken 35630\/30 Swedish Air Force<\/p>\n\n\n\n<figure class=\"wp-block-image size-large\"><a href=\"http:\/\/www.aviationmuseum.eu\/Blogvorm\/angelholms-airforce-museum\/saab-jas39a-gripen-39101-101-swedish-air-force\/\" rel=\"attachment wp-att-15871\"><img loading=\"lazy\" decoding=\"async\" width=\"728\" height=\"410\" src=\"https:\/\/www.aviationmuseum.eu\/Blogvorm\/wp-content\/uploads\/2018\/12\/SAAB-JAS39A-Gripen-39101-101-Swedish-Air-Force-728x410.jpg\" alt=\"SAAB JAS39A Gripen 39101\/101 Swedish Air Force, \u00c4ngelholms Airforce museum, \u00c4ngelholm Sweden\" class=\"wp-image-15871\" srcset=\"https:\/\/aviationmuseum.eu\/Blogvorm\/wp-content\/uploads\/2018\/12\/SAAB-JAS39A-Gripen-39101-101-Swedish-Air-Force-728x410.jpg 728w, https:\/\/aviationmuseum.eu\/Blogvorm\/wp-content\/uploads\/2018\/12\/SAAB-JAS39A-Gripen-39101-101-Swedish-Air-Force-240x135.jpg 240w, https:\/\/aviationmuseum.eu\/Blogvorm\/wp-content\/uploads\/2018\/12\/SAAB-JAS39A-Gripen-39101-101-Swedish-Air-Force-420x236.jpg 420w, https:\/\/aviationmuseum.eu\/Blogvorm\/wp-content\/uploads\/2018\/12\/SAAB-JAS39A-Gripen-39101-101-Swedish-Air-Force-600x338.jpg 600w, https:\/\/aviationmuseum.eu\/Blogvorm\/wp-content\/uploads\/2018\/12\/SAAB-JAS39A-Gripen-39101-101-Swedish-Air-Force-777x437.jpg 777w, https:\/\/aviationmuseum.eu\/Blogvorm\/wp-content\/uploads\/2018\/12\/SAAB-JAS39A-Gripen-39101-101-Swedish-Air-Force-180x101.jpg 180w, https:\/\/aviationmuseum.eu\/Blogvorm\/wp-content\/uploads\/2018\/12\/SAAB-JAS39A-Gripen-39101-101-Swedish-Air-Force-260x146.jpg 260w, https:\/\/aviationmuseum.eu\/Blogvorm\/wp-content\/uploads\/2018\/12\/SAAB-JAS39A-Gripen-39101-101-Swedish-Air-Force-373x210.jpg 373w, https:\/\/aviationmuseum.eu\/Blogvorm\/wp-content\/uploads\/2018\/12\/SAAB-JAS39A-Gripen-39101-101-Swedish-Air-Force-120x67.jpg 120w, https:\/\/aviationmuseum.eu\/Blogvorm\/wp-content\/uploads\/2018\/12\/SAAB-JAS39A-Gripen-39101-101-Swedish-Air-Force.jpg 1200w\" sizes=\"auto, (max-width: 728px) 100vw, 728px\" \/><\/a><\/figure>\n\n\n\n<p>SAAB JAS39A Gripen 39101\/101 Swedish Air Force<\/p>\n\n\n\n<figure class=\"wp-block-image size-large\"><a href=\"http:\/\/www.aviationmuseum.eu\/Blogvorm\/angelholms-airforce-museum\/scottish-aviation-sk61a-bulldog-61006-06-swedish-air-force\/\" rel=\"attachment wp-att-15872\"><img loading=\"lazy\" decoding=\"async\" width=\"728\" height=\"410\" src=\"https:\/\/www.aviationmuseum.eu\/Blogvorm\/wp-content\/uploads\/2018\/12\/Scottish-Aviation-Sk61A-Bulldog-61006-06-Swedish-Air-Force-728x410.jpg\" alt=\"Scottish Aviation Sk61A Bulldog 61006\/06 Swedish Air Force, \u00c4ngelholms Airforce museum, \u00c4ngelholm Sweden\" class=\"wp-image-15872\" srcset=\"https:\/\/aviationmuseum.eu\/Blogvorm\/wp-content\/uploads\/2018\/12\/Scottish-Aviation-Sk61A-Bulldog-61006-06-Swedish-Air-Force-728x410.jpg 728w, https:\/\/aviationmuseum.eu\/Blogvorm\/wp-content\/uploads\/2018\/12\/Scottish-Aviation-Sk61A-Bulldog-61006-06-Swedish-Air-Force-240x135.jpg 240w, https:\/\/aviationmuseum.eu\/Blogvorm\/wp-content\/uploads\/2018\/12\/Scottish-Aviation-Sk61A-Bulldog-61006-06-Swedish-Air-Force-420x236.jpg 420w, https:\/\/aviationmuseum.eu\/Blogvorm\/wp-content\/uploads\/2018\/12\/Scottish-Aviation-Sk61A-Bulldog-61006-06-Swedish-Air-Force-600x338.jpg 600w, https:\/\/aviationmuseum.eu\/Blogvorm\/wp-content\/uploads\/2018\/12\/Scottish-Aviation-Sk61A-Bulldog-61006-06-Swedish-Air-Force-777x437.jpg 777w, https:\/\/aviationmuseum.eu\/Blogvorm\/wp-content\/uploads\/2018\/12\/Scottish-Aviation-Sk61A-Bulldog-61006-06-Swedish-Air-Force-180x101.jpg 180w, https:\/\/aviationmuseum.eu\/Blogvorm\/wp-content\/uploads\/2018\/12\/Scottish-Aviation-Sk61A-Bulldog-61006-06-Swedish-Air-Force-260x146.jpg 260w, https:\/\/aviationmuseum.eu\/Blogvorm\/wp-content\/uploads\/2018\/12\/Scottish-Aviation-Sk61A-Bulldog-61006-06-Swedish-Air-Force-373x210.jpg 373w, https:\/\/aviationmuseum.eu\/Blogvorm\/wp-content\/uploads\/2018\/12\/Scottish-Aviation-Sk61A-Bulldog-61006-06-Swedish-Air-Force-120x67.jpg 120w, https:\/\/aviationmuseum.eu\/Blogvorm\/wp-content\/uploads\/2018\/12\/Scottish-Aviation-Sk61A-Bulldog-61006-06-Swedish-Air-Force.jpg 1200w\" sizes=\"auto, (max-width: 728px) 100vw, 728px\" \/><\/a><\/figure>\n\n\n\n<p>Scottish Aviation Sk61A Bulldog 61006\/06 Swedish Air Force<\/p>\n\n\n\n<h3 class=\"wp-block-heading\">Highlights of the \u00c4ngelholms Airforce Museum:<\/h3>\n\n\n\n<ol class=\"wp-block-list\">\n<li><strong>Extensive Aircraft Collection<\/strong>:<br>The museum houses a wide array of aircraft, including historical military planes, jet fighters, and civilian aircraft used by the Swedish Air Force. Many of these aircraft are exhibited in their original condition, allowing visitors to experience the design and engineering of various planes firsthand.<\/li>\n\n\n\n<li><strong>Notable Aircraft<\/strong>:<br>Among the key aircraft on display are:\n<ul class=\"wp-block-list\">\n<li><strong>J 35 Draken<\/strong>: A supersonic jet fighter used by the Swedish Air Force.<\/li>\n\n\n\n<li><strong>J 37 Viggen<\/strong>: A multi-role fighter that served as the backbone of Sweden&#8217;s air defense for several decades.<\/li>\n\n\n\n<li><strong>Saab 32 Lansen<\/strong>: A Swedish attack aircraft used from the 1950s to the 1970s. The museum also displays older aircraft models, such as World War II-era planes (<strong>FFVS J22A<\/strong>).<\/li>\n<\/ul>\n<\/li>\n\n\n\n<li><strong>Historical Exhibits<\/strong>:<br>The <strong>\u00c4ngelholms Airforce Museum<\/strong>&#8216;s exhibits cover a wide range of topics related to aviation history, such as Sweden&#8217;s air defense strategy, key military operations, and technological advancements in aviation. There are also displays on the role of Swedish aviation during the Cold War.<\/li>\n\n\n\n<li><strong>Interactive Displays and Simulators<\/strong>:<br>The museum features interactive exhibits, such as flight simulators, that provide an immersive experience for visitors, allowing them to &#8220;fly&#8221; some of the historic aircraft or learn about aviation principles.<\/li>\n\n\n\n<li><strong>Museum Shop and Caf\u00e9<\/strong>:<br>For visitors looking to take home a souvenir, the \u00c4ngelholms Airforce Museum features a shop with aviation-themed merchandise, models, books, and memorabilia. There&#8217;s also a caf\u00e9 for refreshments during the visit.<\/li>\n<\/ol>\n\n\n\n<p>Photos Ruud Boots<\/p>\n","protected":false},"excerpt":{"rendered":"<p>Located in \u00c4ngelholm, Sweden, the \u00c4ngelholms Airforce Museum (\u00c4ngelholms Flygmuseum) is a fascinating destination for aviation enthusiasts, offering a comprehensive look at Sweden&#8217;s air force&#8230;<\/p>\n","protected":false},"author":2,"featured_media":0,"parent":0,"menu_order":0,"comment_status":"closed","ping_status":"closed","template":"","meta":{"footnotes":""},"class_list":["post-3400","page","type-page","status-publish","hentry"],"_links":{"self":[{"href":"https:\/\/aviationmuseum.eu\/Blogvorm\/wp-json\/wp\/v2\/pages\/3400","targetHints":{"allow":["GET"]}}],"collection":[{"href":"https:\/\/aviationmuseum.eu\/Blogvorm\/wp-json\/wp\/v2\/pages"}],"about":[{"href":"https:\/\/aviationmuseum.eu\/Blogvorm\/wp-json\/wp\/v2\/types\/page"}],"author":[{"embeddable":true,"href":"https:\/\/aviationmuseum.eu\/Blogvorm\/wp-json\/wp\/v2\/users\/2"}],"replies":[{"embeddable":true,"href":"https:\/\/aviationmuseum.eu\/Blogvorm\/wp-json\/wp\/v2\/comments?post=3400"}],"version-history":[{"count":10,"href":"https:\/\/aviationmuseum.eu\/Blogvorm\/wp-json\/wp\/v2\/pages\/3400\/revisions"}],"predecessor-version":[{"id":36594,"href":"https:\/\/aviationmuseum.eu\/Blogvorm\/wp-json\/wp\/v2\/pages\/3400\/revisions\/36594"}],"wp:attachment":[{"href":"https:\/\/aviationmuseum.eu\/Blogvorm\/wp-json\/wp\/v2\/media?parent=3400"}],"curies":[{"name":"wp","href":"https:\/\/api.w.org\/{rel}","templated":true}]}}