{"id":3493,"date":"2016-02-28T18:02:38","date_gmt":"2016-02-28T16:02:38","guid":{"rendered":"http:\/\/www.aviationmuseum.eu\/Blogvorm\/?page_id=3493"},"modified":"2025-03-21T21:55:16","modified_gmt":"2025-03-21T19:55:16","slug":"gotlands-forsvarsmuseum","status":"publish","type":"page","link":"https:\/\/aviationmuseum.eu\/Blogvorm\/gotlands-forsvarsmuseum\/","title":{"rendered":"Gotlands F\u00f6rsvarsmuseum"},"content":{"rendered":"\n<p><strong>Gotlands F\u00f6rsvarsmuseum<\/strong> (Gotland Defense Museum) is a military history museum located on the island of <strong>Gotland<\/strong>, Sweden. Gotland has historically been of significant military value due to its location in the <strong>Baltic Sea<\/strong>, making it a critical site for <strong>defense<\/strong> and <strong>military operations<\/strong>. The museum also delves into the island&#8217;s role in <strong>air defense<\/strong>. The museum displays <strong>military aircraft<\/strong>, particularly those used for <strong>air defense missions<\/strong> and <strong>surveillance<\/strong> over the <strong>Baltic Sea<\/strong>.<\/p>\n\n\n\n<p><strong>Gotlands F\u00f6rsvarsmuseum<\/strong><\/p>\n\n\n\n<p><span class=\"widget-pane-section-info-text\">F\u00f6rr\u00e5dsv\u00e4gen 4<\/span><\/p>\n\n\n\n<p><span class=\"widget-pane-section-info-text\">624 44 Tingst\u00e4de<\/span><\/p>\n\n\n\n<p><span class=\"widget-pane-section-info-text\"><a href=\"http:\/\/www.aviationmuseum.eu\/Blogvorm\/2015\/05\/30\/sweden\/\">Sweden<\/a><\/span><\/p>\n\n\n\n<p><a href=\"http:\/\/www.gotlandsforsvarsmuseum.se\/\" target=\"_blank\" rel=\"noopener noreferrer\">www.gotlandsforsvarsmuseum.se<\/a><\/p>\n\n\n\n<p><a href=\"mailto:info@gotlandsforsvarsmuseum.se\">info@gotlandsforsvarsmuseum.se<\/a><\/p>\n\n\n\n<p>+46 498 27 43 57<\/p>\n\n\n\n<p>Opening times see <a href=\"http:\/\/www.gotlandsforsvarsmuseum.se\/\" target=\"_blank\" rel=\"noopener noreferrer\">www.gotlandsforsvarsmuseum.se<\/a><\/p>\n\n\n\n<p>Admission fee<\/p>\n\n\n\n<figure class=\"wp-block-image\"><a href=\"https:\/\/www.facebook.com\/gotlandsforsvarsmuseum\/\" target=\"_blank\" rel=\"attachment wp-att-922 noopener noreferrer\"><img loading=\"lazy\" decoding=\"async\" width=\"25\" height=\"25\" src=\"http:\/\/www.aviationmuseum.eu\/Blogvorm\/wp-content\/uploads\/2015\/12\/facebook.jpg\" alt=\"facebook\" class=\"wp-image-922\"\/><\/a><\/figure>\n\n\n\n<p><iframe loading=\"lazy\" style=\"border: 0;\" src=\"https:\/\/www.google.com\/maps\/embed?pb=!1m14!1m8!1m3!1d545256.2203493627!2d18.057381668825244!3d57.73502!3m2!1i1024!2i768!4f13.1!3m3!1m2!1s0x0%3A0x944968a1b19c305a!2sGotlands+F%C3%B6rsvarsmuseum!5e0!3m2!1sen!2sus!4v1456675289335\" width=\"600\" height=\"450\" frameborder=\"0\" allowfullscreen=\"allowfullscreen\"><\/iframe><\/p>\n\n\n\n<h3 class=\"wp-block-heading\">Aircraft collection<\/h3>\n\n\n\n<figure class=\"wp-block-table\"><table class=\"has-fixed-layout\"><tbody><tr><td>03421\/21<p><\/p>\n<p>32502\/U<\/p>\n<p>35429\/57<\/p>\n<p>35545\/45<\/p>\n<p>37972\/56<\/p>\n<p>60104\/104<\/p>\n<p>02042\/42<\/p>\n<p>01009\/09<\/p><\/td><td>Agusta-Bell Hkp3B<p><\/p>\n<p>Saab J32B Lansen (fuselage)<\/p>\n<p>Saab J35F Draken<\/p>\n<p>Saab J35J Draken<\/p>\n<p>Saab SF37 Viggen<\/p>\n<p>Saab Sk60A<\/p>\n<p>Sud Aviation Hkp2<\/p>\n<p>Vertol Hkp1<\/p><\/td><\/tr><\/tbody><\/table><\/figure>\n\n\n\n<p class=\"has-text-align-center\">if you have any picture of this aviation museum, please share it with us<br>\n<a href=\"mailto:my.museum@aviationmuseum.eu\"> my.museum@aviationmuseum.eu<\/a><\/p>\n","protected":false},"excerpt":{"rendered":"<p>Gotlands F\u00f6rsvarsmuseum (Gotland Defense Museum) is a military history museum located on the island of Gotland, Sweden. Gotland has historically been of significant military value&#8230;<\/p>\n","protected":false},"author":2,"featured_media":0,"parent":0,"menu_order":0,"comment_status":"closed","ping_status":"closed","template":"","meta":{"footnotes":""},"class_list":["post-3493","page","type-page","status-publish","hentry"],"_links":{"self":[{"href":"https:\/\/aviationmuseum.eu\/Blogvorm\/wp-json\/wp\/v2\/pages\/3493","targetHints":{"allow":["GET"]}}],"collection":[{"href":"https:\/\/aviationmuseum.eu\/Blogvorm\/wp-json\/wp\/v2\/pages"}],"about":[{"href":"https:\/\/aviationmuseum.eu\/Blogvorm\/wp-json\/wp\/v2\/types\/page"}],"author":[{"embeddable":true,"href":"https:\/\/aviationmuseum.eu\/Blogvorm\/wp-json\/wp\/v2\/users\/2"}],"replies":[{"embeddable":true,"href":"https:\/\/aviationmuseum.eu\/Blogvorm\/wp-json\/wp\/v2\/comments?post=3493"}],"version-history":[{"count":6,"href":"https:\/\/aviationmuseum.eu\/Blogvorm\/wp-json\/wp\/v2\/pages\/3493\/revisions"}],"predecessor-version":[{"id":35000,"href":"https:\/\/aviationmuseum.eu\/Blogvorm\/wp-json\/wp\/v2\/pages\/3493\/revisions\/35000"}],"wp:attachment":[{"href":"https:\/\/aviationmuseum.eu\/Blogvorm\/wp-json\/wp\/v2\/media?parent=3493"}],"curies":[{"name":"wp","href":"https:\/\/api.w.org\/{rel}","templated":true}]}}