{"id":36011,"date":"2025-07-06T15:53:23","date_gmt":"2025-07-06T13:53:23","guid":{"rendered":"https:\/\/www.aviationmuseum.eu\/Blogvorm\/?page_id=36011"},"modified":"2025-07-06T16:23:06","modified_gmt":"2025-07-06T14:23:06","slug":"nord-osterdal-fly-og-militaerhistorik-forening","status":"publish","type":"page","link":"https:\/\/aviationmuseum.eu\/Blogvorm\/nord-osterdal-fly-og-militaerhistorik-forening\/","title":{"rendered":"Nord \u00d8sterdal Fly-og Milit\u00e6rhistorik Forening"},"content":{"rendered":"\n<p>Tucked away in the scenic mountain valley of Tolga, Norway, the <strong>Nord-\u00d8sterdal Aviation and Military History Museum<\/strong> is a unique historical gem dedicated to preserving and showcasing the region\u2019s aviation and military past. Run by the passionate volunteers of the <strong>Nord-\u00d8sterdal Fly- og Milit\u00e6rhistorisk Forening (N\u00d8FMF)<\/strong>, the museum offers an extraordinary collection of rare World War II aircraft parts, artifacts, and immersive historical experiences.<\/p>\n\n\n\n<p><strong>Nord \u00d8sterdal Fly-og Milit\u00e6rhistorik Forening<\/strong><\/p>\n\n\n\n<p>R\u00f8rosveien 2221 (Hangar-10)<\/p>\n\n\n\n<p>2540 Tolga<\/p>\n\n\n\n<p><a href=\"https:\/\/www.aviationmuseum.eu\/Blogvorm\/2015\/05\/30\/norway\/\" data-type=\"post\" data-id=\"520\" target=\"_blank\" rel=\"noreferrer noopener\">Norway<\/a><\/p>\n\n\n\n<p><a href=\"https:\/\/www.nofmf.org\" target=\"_blank\" rel=\"noreferrer noopener\">https:\/\/www.nofmf.org<\/a><\/p>\n\n\n\n<figure class=\"wp-block-image size-full\"><a href=\"https:\/\/www.facebook.com\/groups\/293383407355099\/\" target=\"_blank\" rel=\" noreferrer noopener\"><img loading=\"lazy\" decoding=\"async\" width=\"25\" height=\"25\" src=\"https:\/\/www.aviationmuseum.eu\/Blogvorm\/wp-content\/uploads\/2015\/12\/facebook.jpg\" alt=\"facebook\" class=\"wp-image-922\"\/><\/a><\/figure>\n\n\n\n<p>Until further notice, H-10 is open every Thursday from 17.00-19.00 or see Facebook<\/p>\n\n\n\n<p>Admission fee<\/p>\n\n\n\n<iframe src=\"https:\/\/www.google.com\/maps\/embed?pb=!1m18!1m12!1m3!1d236480.46728248923!2d10.685312911363757!3d62.41560963715299!2m3!1f0!2f0!3f0!3m2!1i1024!2i768!4f13.1!3m3!1m2!1s0x466c80478e8e78dd%3A0xdca88fa394eb8c80!2sR%C3%B8rosveien%202221%2C%202540%20Tolga%2C%20Noorwegen!5e0!3m2!1snl!2snl!4v1751809504106!5m2!1snl!2snl\" width=\"600\" height=\"450\" style=\"border:0;\" allowfullscreen=\"\" loading=\"lazy\" referrerpolicy=\"no-referrer-when-downgrade\"><\/iframe>\n\n\n\n<p class=\"has-medium-font-size\"><strong>Aircraft collection<\/strong><\/p>\n\n\n\n<figure class=\"wp-block-image size-full\"><img loading=\"lazy\" decoding=\"async\" width=\"450\" height=\"338\" src=\"https:\/\/www.aviationmuseum.eu\/Blogvorm\/wp-content\/uploads\/2025\/07\/Junkers-Ju88D-1-aft-fueselage.jpg\" alt=\"\" class=\"wp-image-36018\" srcset=\"https:\/\/aviationmuseum.eu\/Blogvorm\/wp-content\/uploads\/2025\/07\/Junkers-Ju88D-1-aft-fueselage.jpg 450w, https:\/\/aviationmuseum.eu\/Blogvorm\/wp-content\/uploads\/2025\/07\/Junkers-Ju88D-1-aft-fueselage-420x315.jpg 420w, https:\/\/aviationmuseum.eu\/Blogvorm\/wp-content\/uploads\/2025\/07\/Junkers-Ju88D-1-aft-fueselage-240x180.jpg 240w\" sizes=\"auto, (max-width: 450px) 100vw, 450px\" \/><\/figure>\n\n\n\n<figure class=\"wp-block-table\"><table class=\"has-fixed-layout\"><tbody><tr><td>&#8211;<br><br>(880133)\/4D+FH<br><br>1231\/B4+CA<br><br>&#8211;<\/td><td>DFS230<br><br>Junkers Ju88C-2 (wreck)<br><br>Junkers Ju88D-1 (aft fueselage)<br><br>Junkers W34<\/td><\/tr><\/tbody><\/table><\/figure>\n\n\n\n<h3 class=\"wp-block-heading\">Nord \u00d8sterdal Fly-og Milit\u00e6rhistorik Forening Hangar-10: The Heart of the Museum<\/h3>\n\n\n\n<p>The museum\u2019s main exhibition space, <strong>Hangar-10 (H-10)<\/strong>, houses more than 1,000 carefully curated items. Among the highlights are:<\/p>\n\n\n\n<ul class=\"wp-block-list\">\n<li><strong>Europe\u2019s only known remains of a German Junkers W-34 aircraft<\/strong><\/li>\n\n\n\n<li>Components from <strong>JU-52 and JU-88 bombers<\/strong><\/li>\n\n\n\n<li>Parts of a <strong>DFS 230 German transport glider<\/strong>, used in airborne operations<\/li>\n\n\n\n<li>Uniforms, instruments, documents, and wartime memorabilia from the 1940s<\/li>\n<\/ul>\n\n\n\n<p>Each artifact is accompanied by historical context, often with personal stories or local connections. Hangar-10 is more than a static display \u2014 it\u2019s a storytelling space that bridges the past with the present.<\/p>\n\n\n\n<p>The <strong>Nord \u00d8sterdal Fly-og Milit\u00e6rhistorik Forening<\/strong> also collaborates with institutions like the <strong>Norwegian Armed Forces Museum<\/strong>, ensuring that the preservation and presentation of these materials meet national historical standards.<\/p>\n","protected":false},"excerpt":{"rendered":"<p>Tucked away in the scenic mountain valley of Tolga, Norway, the Nord-\u00d8sterdal Aviation and Military History Museum is a unique historical gem dedicated to preserving&#8230;<\/p>\n","protected":false},"author":2,"featured_media":0,"parent":0,"menu_order":0,"comment_status":"closed","ping_status":"closed","template":"","meta":{"footnotes":""},"class_list":["post-36011","page","type-page","status-publish","hentry"],"_links":{"self":[{"href":"https:\/\/aviationmuseum.eu\/Blogvorm\/wp-json\/wp\/v2\/pages\/36011","targetHints":{"allow":["GET"]}}],"collection":[{"href":"https:\/\/aviationmuseum.eu\/Blogvorm\/wp-json\/wp\/v2\/pages"}],"about":[{"href":"https:\/\/aviationmuseum.eu\/Blogvorm\/wp-json\/wp\/v2\/types\/page"}],"author":[{"embeddable":true,"href":"https:\/\/aviationmuseum.eu\/Blogvorm\/wp-json\/wp\/v2\/users\/2"}],"replies":[{"embeddable":true,"href":"https:\/\/aviationmuseum.eu\/Blogvorm\/wp-json\/wp\/v2\/comments?post=36011"}],"version-history":[{"count":5,"href":"https:\/\/aviationmuseum.eu\/Blogvorm\/wp-json\/wp\/v2\/pages\/36011\/revisions"}],"predecessor-version":[{"id":36024,"href":"https:\/\/aviationmuseum.eu\/Blogvorm\/wp-json\/wp\/v2\/pages\/36011\/revisions\/36024"}],"wp:attachment":[{"href":"https:\/\/aviationmuseum.eu\/Blogvorm\/wp-json\/wp\/v2\/media?parent=36011"}],"curies":[{"name":"wp","href":"https:\/\/api.w.org\/{rel}","templated":true}]}}