{"id":36606,"date":"2026-02-15T15:24:58","date_gmt":"2026-02-15T13:24:58","guid":{"rendered":"https:\/\/aviationmuseum.eu\/Blogvorm\/?page_id=36606"},"modified":"2026-02-15T15:24:58","modified_gmt":"2026-02-15T13:24:58","slug":"canakkale-deniz-muzesi","status":"publish","type":"page","link":"https:\/\/aviationmuseum.eu\/Blogvorm\/canakkale-deniz-muzesi\/","title":{"rendered":"\u00c7anakkale Deniz M\u00fczesi"},"content":{"rendered":"\n<p>The <strong>\u00c7anakkale Naval Museum (\u00c7anakkale Deniz M\u00fczesi)<\/strong> is one of Turkey\u2019s most important maritime and military museums, located on the waterfront in the city of \u00c7anakkale, near the historic <strong>Dardanelles Strait<\/strong>. It focuses mainly on the naval history of the <strong>Gallipoli Campaign<\/strong> during World War I and the broader role of the <strong>Ottoman<\/strong> and <strong>Turkish Navy<\/strong>.<\/p>\n\n\n\n<p><strong>\u00c7anakkale Naval Museum (\u00c7anakkale Deniz M\u00fczesi)<\/strong><\/p>\n\n\n\n<p>Fevzipa\u015fa Mahallesi Yal\u0131 Caddesi<\/p>\n\n\n\n<p>\u00c7imenlik Sk.<\/p>\n\n\n\n<p>17100 \u00c7anakkale<\/p>\n\n\n\n<p><a href=\"https:\/\/aviationmuseum.eu\/Blogvorm\/2015\/05\/30\/turkey\/\" data-type=\"post\" data-id=\"578\">Turkey<\/a><\/p>\n\n\n\n<p>+90 286 213 17 30<\/p>\n\n\n\n<p>Tuesday &#8211; Sunday 09:00 &#8211; 17:00<\/p>\n\n\n\n<p>Closed Mondays<\/p>\n\n\n\n<p>Admission fee<\/p>\n\n\n\n<figure class=\"wp-block-image size-full\"><a href=\"https:\/\/www.facebook.com\/pages\/Canakkale%20Cimenlik%20Kalesi%20(%20Deniz%20Muzesi%20)\/408007872591409\/\" target=\"_blank\" rel=\" noreferrer noopener\"><img loading=\"lazy\" decoding=\"async\" width=\"25\" height=\"25\" src=\"https:\/\/aviationmuseum.eu\/Blogvorm\/wp-content\/uploads\/2015\/12\/facebook.jpg\" alt=\"facebook\" class=\"wp-image-922\"\/><\/a><\/figure>\n\n\n\n<iframe src=\"https:\/\/www.google.com\/maps\/embed?pb=!1m18!1m12!1m3!1d195183.66852665154!2d26.235558721538727!3d40.14796754441722!2m3!1f0!2f0!3f0!3m2!1i1024!2i768!4f13.1!3m3!1m2!1s0x14b1a9c89d2c1cb7%3A0x65fa0251c16cb4aa!2sMilitary%20Marine%20Museum!5e0!3m2!1snl!2snl!4v1771161393638!5m2!1snl!2snl\" width=\"600\" height=\"450\" style=\"border:0;\" allowfullscreen=\"\" loading=\"lazy\" referrerpolicy=\"no-referrer-when-downgrade\"><\/iframe>\n\n\n\n<p class=\"has-medium-font-size\"><strong>Aircraft collection<\/strong><\/p>\n\n\n\n<figure class=\"wp-block-image size-large\"><img loading=\"lazy\" decoding=\"async\" width=\"728\" height=\"413\" src=\"https:\/\/aviationmuseum.eu\/Blogvorm\/wp-content\/uploads\/2026\/02\/Agusta-Bell-AB204B-AS-TCB-33-Turkish-Navy-728x413.webp\" alt=\"Agusta Bell AB204B\/AS TCB-33 Turkish Navy\" class=\"wp-image-36607\" srcset=\"https:\/\/aviationmuseum.eu\/Blogvorm\/wp-content\/uploads\/2026\/02\/Agusta-Bell-AB204B-AS-TCB-33-Turkish-Navy-728x413.webp 728w, https:\/\/aviationmuseum.eu\/Blogvorm\/wp-content\/uploads\/2026\/02\/Agusta-Bell-AB204B-AS-TCB-33-Turkish-Navy-420x238.webp 420w, https:\/\/aviationmuseum.eu\/Blogvorm\/wp-content\/uploads\/2026\/02\/Agusta-Bell-AB204B-AS-TCB-33-Turkish-Navy-240x136.webp 240w, https:\/\/aviationmuseum.eu\/Blogvorm\/wp-content\/uploads\/2026\/02\/Agusta-Bell-AB204B-AS-TCB-33-Turkish-Navy-180x101.webp 180w, https:\/\/aviationmuseum.eu\/Blogvorm\/wp-content\/uploads\/2026\/02\/Agusta-Bell-AB204B-AS-TCB-33-Turkish-Navy-120x67.webp 120w, https:\/\/aviationmuseum.eu\/Blogvorm\/wp-content\/uploads\/2026\/02\/Agusta-Bell-AB204B-AS-TCB-33-Turkish-Navy.webp 940w\" sizes=\"auto, (max-width: 728px) 100vw, 728px\" \/><figcaption class=\"wp-element-caption\">Agusta Bell AB204B\/AS TCB-33 Turkish Navy<\/figcaption><\/figure>\n\n\n\n<figure class=\"wp-block-table\"><table class=\"has-fixed-layout\"><tbody><tr><td>TCB-33<\/td><td>Agusta Bell AB204B\/AS<\/td><\/tr><\/tbody><\/table><\/figure>\n\n\n\n<p>The <strong>\u00c7anakkale Naval Museum (\u00c7anakkale Deniz M\u00fczesi)<\/strong> complex combines indoor exhibition halls with an open-air display area and several historic vessels. Its most famous attraction is the minelayer <strong>Nusret (TCG Nusret)<\/strong>, the ship that laid the mines which played a decisive role in stopping the Allied fleet in 1915. Visitors can board the ship and explore restored compartments to understand daily naval life at the time.<\/p>\n\n\n\n<p>Inside the galleries, you\u2019ll find:<\/p>\n\n\n\n<ul class=\"wp-block-list\">\n<li>Naval weapons, torpedoes, and artillery<\/li>\n\n\n\n<li>War relics, uniforms, and medals<\/li>\n\n\n\n<li>Ship models and maritime equipment<\/li>\n\n\n\n<li>Personal belongings of soldiers and commanders<\/li>\n\n\n\n<li>Photographs and documents from the Gallipoli Campaign<\/li>\n<\/ul>\n\n\n\n<p>Outside, large cannons, anchors, mines, and other heavy equipment are displayed in the garden area, giving a clear impression of early 20th-century coastal defenses.<\/p>\n\n\n\n<p>The museum is especially meaningful for those interested in:<\/p>\n\n\n\n<ul class=\"wp-block-list\">\n<li>World War I history<\/li>\n\n\n\n<li>The Gallipoli\/\u00c7anakkale battles<\/li>\n\n\n\n<li>Naval warfare and maritime heritage<\/li>\n\n\n\n<li>Turkish military history<\/li>\n<\/ul>\n\n\n\n<p><strong>Location:<\/strong> \u00c7anakkale city center, close to the ferry port and promenade<br><strong>Typical visit time:<\/strong> 1\u20132 hours<br><strong>Best for:<\/strong> history enthusiasts, families, and educational trips<\/p>\n","protected":false},"excerpt":{"rendered":"<p>The \u00c7anakkale Naval Museum (\u00c7anakkale Deniz M\u00fczesi) is one of Turkey\u2019s most important maritime and military museums, located on the waterfront in the city of&#8230;<\/p>\n","protected":false},"author":2,"featured_media":0,"parent":0,"menu_order":0,"comment_status":"closed","ping_status":"closed","template":"","meta":{"footnotes":""},"class_list":["post-36606","page","type-page","status-publish","hentry"],"_links":{"self":[{"href":"https:\/\/aviationmuseum.eu\/Blogvorm\/wp-json\/wp\/v2\/pages\/36606","targetHints":{"allow":["GET"]}}],"collection":[{"href":"https:\/\/aviationmuseum.eu\/Blogvorm\/wp-json\/wp\/v2\/pages"}],"about":[{"href":"https:\/\/aviationmuseum.eu\/Blogvorm\/wp-json\/wp\/v2\/types\/page"}],"author":[{"embeddable":true,"href":"https:\/\/aviationmuseum.eu\/Blogvorm\/wp-json\/wp\/v2\/users\/2"}],"replies":[{"embeddable":true,"href":"https:\/\/aviationmuseum.eu\/Blogvorm\/wp-json\/wp\/v2\/comments?post=36606"}],"version-history":[{"count":1,"href":"https:\/\/aviationmuseum.eu\/Blogvorm\/wp-json\/wp\/v2\/pages\/36606\/revisions"}],"predecessor-version":[{"id":36608,"href":"https:\/\/aviationmuseum.eu\/Blogvorm\/wp-json\/wp\/v2\/pages\/36606\/revisions\/36608"}],"wp:attachment":[{"href":"https:\/\/aviationmuseum.eu\/Blogvorm\/wp-json\/wp\/v2\/media?parent=36606"}],"curies":[{"name":"wp","href":"https:\/\/api.w.org\/{rel}","templated":true}]}}