{"id":4328,"date":"2016-03-27T15:29:30","date_gmt":"2016-03-27T13:29:30","guid":{"rendered":"http:\/\/www.aviationmuseum.eu\/Blogvorm\/?page_id=4328"},"modified":"2025-02-09T14:53:46","modified_gmt":"2025-02-09T12:53:46","slug":"musee-defence-aerrienne-bagotville","status":"publish","type":"page","link":"https:\/\/aviationmuseum.eu\/Blogvorm\/musee-defence-aerrienne-bagotville\/","title":{"rendered":"Mus\u00e9e de la D\u00e9fence A\u00e9rrienne de Bagotville"},"content":{"rendered":"\n<p>The <strong>Mus\u00e9e de la D\u00e9fense A\u00e9rienne de Bagotville<\/strong> is known in English as the <strong>Bagotville Air Defence Museum<\/strong>. Located in <strong>Bagotville, Quebec<\/strong>, this museum highlights the rich history of Canada&#8217;s air defence, particularly focusing on the Royal Canadian Air Force (RCAF). The museum is situated near <strong>CFB Bagotville<\/strong> (Canadian Forces Base Bagotville), an active airbase, and provides a unique opportunity to learn about the history, technology, and operations of <strong>air defence<\/strong> in Canada.<\/p>\n\n\n\n<p><strong>Mus\u00e9e de la D\u00e9fence A\u00e9rrienne de Bagotville<\/strong><\/p>\n\n\n\n<p><span class=\"widget-pane-section-info-text\">6513 Chemin St Anicet<\/span><\/p>\n\n\n\n<p><span class=\"widget-pane-section-info-text\">La Baie<\/span><\/p>\n\n\n\n<p><span class=\"widget-pane-section-info-text\">Quebec G7B 3N8<\/span><\/p>\n\n\n\n<p><span class=\"widget-pane-section-info-text\"><a href=\"http:\/\/www.aviationmuseum.eu\/Blogvorm\/2015\/05\/04\/canada\/\">Canada<\/a><\/span><\/p>\n\n\n\n<p><a href=\"http:\/\/www.museebagotville.ca\" target=\"_blank\" rel=\"noopener noreferrer\">www.museebagotville.ca<\/a><\/p>\n\n\n\n<p><a href=\"mailto:museebagotville@forces.gc.ca\">museebagotville@forces.gc.ca<\/a><\/p>\n\n\n\n<p>+1 418-677-7159<\/p>\n\n\n\n<p>June &#8211; September<\/p>\n\n\n\n<ul class=\"wp-block-list\">\n<li>Daily 09:00 &#8211; 17:00<\/li>\n<\/ul>\n\n\n\n<p>September &#8211; mid June<\/p>\n\n\n\n<ul class=\"wp-block-list\">\n<li>The museum can welcome groups of 20 or more only with a reservation.<\/li>\n<\/ul>\n\n\n\n<p>Admission fee<\/p>\n\n\n\n<figure class=\"wp-block-image size-full\"><a href=\"https:\/\/www.facebook.com\/museedefenseaerienne\/\" target=\"_blank\" rel=\" noreferrer noopener\"><img loading=\"lazy\" decoding=\"async\" width=\"25\" height=\"25\" src=\"https:\/\/www.aviationmuseum.eu\/Blogvorm\/wp-content\/uploads\/2015\/12\/facebook.jpg\" alt=\"facebook\" class=\"wp-image-922\"\/><\/a><\/figure>\n\n\n\n<p>The Air Defence Museum is located alongside Highway 170, mid-way between Chicoutimi and Ville de la Baie, in the Province of Quebec, near the gate to Canadian Forces Base Bagotville and its commemorative park<\/p>\n\n\n\n<p><iframe loading=\"lazy\" style=\"border: 0;\" src=\"https:\/\/www.google.com\/maps\/embed?pb=!1m14!1m8!1m3!1d678930.4503509178!2d-71.54183095853338!3d48.33991999999998!3m2!1i1024!2i768!4f13.1!3m3!1m2!1s0x0%3A0x60ad4896b2b8c07c!2sAir+Defence+Museum!5e0!3m2!1sen!2sus!4v1459084051560\" width=\"600\" height=\"450\" frameborder=\"0\" allowfullscreen=\"allowfullscreen\"><\/iframe><\/p>\n\n\n\n<h3 class=\"wp-block-heading\">Aircraft collection<\/h3>\n\n\n\n<figure class=\"wp-block-image\"><a href=\"http:\/\/www.aviationmuseum.eu\/Blogvorm\/musee-defence-aerrienne-bagotville\/piasecki-ch-21-workhorse-9642\/\" rel=\"attachment wp-att-4329\"><img loading=\"lazy\" decoding=\"async\" width=\"240\" height=\"155\" src=\"http:\/\/www.aviationmuseum.eu\/Blogvorm\/wp-content\/uploads\/2016\/03\/Piasecki-CH-21-Workhorse-9642-240x155.jpg\" alt=\"Piasecki CH-21 Workhorse 9642 Royal Canadian Air Force\" class=\"wp-image-4329\" srcset=\"https:\/\/aviationmuseum.eu\/Blogvorm\/wp-content\/uploads\/2016\/03\/Piasecki-CH-21-Workhorse-9642-240x155.jpg 240w, https:\/\/aviationmuseum.eu\/Blogvorm\/wp-content\/uploads\/2016\/03\/Piasecki-CH-21-Workhorse-9642-420x270.jpg 420w, https:\/\/aviationmuseum.eu\/Blogvorm\/wp-content\/uploads\/2016\/03\/Piasecki-CH-21-Workhorse-9642-728x469.jpg 728w, https:\/\/aviationmuseum.eu\/Blogvorm\/wp-content\/uploads\/2016\/03\/Piasecki-CH-21-Workhorse-9642-600x386.jpg 600w, https:\/\/aviationmuseum.eu\/Blogvorm\/wp-content\/uploads\/2016\/03\/Piasecki-CH-21-Workhorse-9642.jpg 800w\" sizes=\"auto, (max-width: 240px) 100vw, 240px\" \/><\/a><\/figure>\n\n\n\n<figure class=\"wp-block-table\"><table class=\"has-fixed-layout\"><tbody><tr><td>118106<p><\/p>\n<p>19454\/AQ-454<\/p>\n<p>100472<\/p>\n<p>116733<\/p>\n<p>114014<\/p>\n<p>133333<\/p>\n<p>101027<\/p>\n<p>188720<\/p>\n<p>4857<\/p>\n<p>9642<\/p><\/td><td>Bell CH-118 Iroquois<p><\/p>\n<p>Canadair CF-86B Sabre 6<\/p>\n<p>Canadair CF-100 Mk.5 Canuk<\/p>\n<p>Canadair CF-116A Freedomfighter<\/p>\n<p>Canadair CT-114 Tutor<\/p>\n<p>Lockheed CT-133 Silver Star<\/p>\n<p>McDonnell CF-101 Voodoo<\/p>\n<p>McDonnell Douglas CF-188 Hornet<\/p>\n<p>Mikoyan MiG-23ML Flogger<\/p>\n<p>Piasecki CH-21 Workhorse<\/p><\/td><\/tr><\/tbody><\/table><\/figure>\n\n\n\n<figure class=\"wp-block-image\"><a href=\"http:\/\/www.aviationmuseum.eu\/Blogvorm\/musee-defence-aerrienne-bagotville\/mikoyan-gurevich-mig-23ml-flogger-4857\/\" rel=\"attachment wp-att-4334\"><img loading=\"lazy\" decoding=\"async\" width=\"240\" height=\"144\" src=\"http:\/\/www.aviationmuseum.eu\/Blogvorm\/wp-content\/uploads\/2016\/03\/Mikoyan-Gurevich-MiG-23ML-Flogger-4857-240x144.jpg\" alt=\"Mikoyan Gurevich MiG-23ML Flogger 4857 Czech Air Force, Mus\u00e9e de la D\u00e9fence A\u00e9rrienne de Bagotville\" class=\"wp-image-4334\" srcset=\"https:\/\/aviationmuseum.eu\/Blogvorm\/wp-content\/uploads\/2016\/03\/Mikoyan-Gurevich-MiG-23ML-Flogger-4857-240x144.jpg 240w, https:\/\/aviationmuseum.eu\/Blogvorm\/wp-content\/uploads\/2016\/03\/Mikoyan-Gurevich-MiG-23ML-Flogger-4857-420x252.jpg 420w, https:\/\/aviationmuseum.eu\/Blogvorm\/wp-content\/uploads\/2016\/03\/Mikoyan-Gurevich-MiG-23ML-Flogger-4857-728x437.jpg 728w, https:\/\/aviationmuseum.eu\/Blogvorm\/wp-content\/uploads\/2016\/03\/Mikoyan-Gurevich-MiG-23ML-Flogger-4857-600x360.jpg 600w, https:\/\/aviationmuseum.eu\/Blogvorm\/wp-content\/uploads\/2016\/03\/Mikoyan-Gurevich-MiG-23ML-Flogger-4857.jpg 800w\" sizes=\"auto, (max-width: 240px) 100vw, 240px\" \/><\/a><\/figure>\n\n\n\n<figure class=\"wp-block-image\"><a href=\"http:\/\/www.aviationmuseum.eu\/Blogvorm\/musee-defence-aerrienne-bagotville\/lockheed-ct-133-silver-star-133333\/\" rel=\"attachment wp-att-4335\"><img loading=\"lazy\" decoding=\"async\" width=\"240\" height=\"153\" src=\"http:\/\/www.aviationmuseum.eu\/Blogvorm\/wp-content\/uploads\/2016\/03\/Lockheed-CT-133-Silver-Star-133333-240x153.jpg\" alt=\" Lockheed CT-133 Silver Star 133333 Royal Canadian Air Force, Mus\u00e9e de la D\u00e9fence A\u00e9rrienne de Bagotville\" class=\"wp-image-4335\" srcset=\"https:\/\/aviationmuseum.eu\/Blogvorm\/wp-content\/uploads\/2016\/03\/Lockheed-CT-133-Silver-Star-133333-240x153.jpg 240w, https:\/\/aviationmuseum.eu\/Blogvorm\/wp-content\/uploads\/2016\/03\/Lockheed-CT-133-Silver-Star-133333-420x267.jpg 420w, https:\/\/aviationmuseum.eu\/Blogvorm\/wp-content\/uploads\/2016\/03\/Lockheed-CT-133-Silver-Star-133333-728x463.jpg 728w, https:\/\/aviationmuseum.eu\/Blogvorm\/wp-content\/uploads\/2016\/03\/Lockheed-CT-133-Silver-Star-133333-600x382.jpg 600w, https:\/\/aviationmuseum.eu\/Blogvorm\/wp-content\/uploads\/2016\/03\/Lockheed-CT-133-Silver-Star-133333.jpg 800w\" sizes=\"auto, (max-width: 240px) 100vw, 240px\" \/><\/a><\/figure>\n\n\n\n<figure class=\"wp-block-image\"><a href=\"http:\/\/www.aviationmuseum.eu\/Blogvorm\/musee-defence-aerrienne-bagotville\/canadair-cf-86b-sabre-6-19454\/\" rel=\"attachment wp-att-4333\"><img loading=\"lazy\" decoding=\"async\" width=\"240\" height=\"161\" src=\"http:\/\/www.aviationmuseum.eu\/Blogvorm\/wp-content\/uploads\/2016\/03\/Canadair-CF-86B-Sabre-6-19454-240x161.jpg\" alt=\"Canadair CF-86B Sabre 6 19454\/AO-454 Royal Canadian Air Force, Mus\u00e9e de la D\u00e9fence A\u00e9rrienne de Bagotville\" class=\"wp-image-4333\" srcset=\"https:\/\/aviationmuseum.eu\/Blogvorm\/wp-content\/uploads\/2016\/03\/Canadair-CF-86B-Sabre-6-19454-240x161.jpg 240w, https:\/\/aviationmuseum.eu\/Blogvorm\/wp-content\/uploads\/2016\/03\/Canadair-CF-86B-Sabre-6-19454-420x281.jpg 420w, https:\/\/aviationmuseum.eu\/Blogvorm\/wp-content\/uploads\/2016\/03\/Canadair-CF-86B-Sabre-6-19454-728x488.jpg 728w, https:\/\/aviationmuseum.eu\/Blogvorm\/wp-content\/uploads\/2016\/03\/Canadair-CF-86B-Sabre-6-19454-600x402.jpg 600w, https:\/\/aviationmuseum.eu\/Blogvorm\/wp-content\/uploads\/2016\/03\/Canadair-CF-86B-Sabre-6-19454.jpg 800w\" sizes=\"auto, (max-width: 240px) 100vw, 240px\" \/><\/a><\/figure>\n\n\n\n<figure class=\"wp-block-image\"><a href=\"http:\/\/www.aviationmuseum.eu\/Blogvorm\/musee-defence-aerrienne-bagotville\/canadair-cf-116a-freedomfighter-116733\/\" rel=\"attachment wp-att-4332\"><img loading=\"lazy\" decoding=\"async\" width=\"240\" height=\"142\" src=\"http:\/\/www.aviationmuseum.eu\/Blogvorm\/wp-content\/uploads\/2016\/03\/Canadair-CF-116A-Freedomfighter-116733-240x142.jpg\" alt=\"Canadair CF-116A Freedomfighter 116733 Royal Canadian Air Force, Mus\u00e9e de la D\u00e9fence A\u00e9rrienne de Bagotville\" class=\"wp-image-4332\" srcset=\"https:\/\/aviationmuseum.eu\/Blogvorm\/wp-content\/uploads\/2016\/03\/Canadair-CF-116A-Freedomfighter-116733-240x142.jpg 240w, https:\/\/aviationmuseum.eu\/Blogvorm\/wp-content\/uploads\/2016\/03\/Canadair-CF-116A-Freedomfighter-116733-420x248.jpg 420w, https:\/\/aviationmuseum.eu\/Blogvorm\/wp-content\/uploads\/2016\/03\/Canadair-CF-116A-Freedomfighter-116733-728x430.jpg 728w, https:\/\/aviationmuseum.eu\/Blogvorm\/wp-content\/uploads\/2016\/03\/Canadair-CF-116A-Freedomfighter-116733-600x354.jpg 600w, https:\/\/aviationmuseum.eu\/Blogvorm\/wp-content\/uploads\/2016\/03\/Canadair-CF-116A-Freedomfighter-116733.jpg 800w\" sizes=\"auto, (max-width: 240px) 100vw, 240px\" \/><\/a><\/figure>\n\n\n\n<figure class=\"wp-block-image\"><a href=\"http:\/\/www.aviationmuseum.eu\/Blogvorm\/musee-defence-aerrienne-bagotville\/mcdonnell-cf-101b-voodoo-101027\/\" rel=\"attachment wp-att-4331\"><img loading=\"lazy\" decoding=\"async\" width=\"240\" height=\"146\" src=\"http:\/\/www.aviationmuseum.eu\/Blogvorm\/wp-content\/uploads\/2016\/03\/McDonnell-CF-101B-Voodoo-101027-240x146.jpg\" alt=\"Voodoo 101027 Royal Canadian Air Force, Mus\u00e9e de la D\u00e9fence A\u00e9rrienne de Bagotville\" class=\"wp-image-4331\" srcset=\"https:\/\/aviationmuseum.eu\/Blogvorm\/wp-content\/uploads\/2016\/03\/McDonnell-CF-101B-Voodoo-101027-240x146.jpg 240w, https:\/\/aviationmuseum.eu\/Blogvorm\/wp-content\/uploads\/2016\/03\/McDonnell-CF-101B-Voodoo-101027-420x255.jpg 420w, https:\/\/aviationmuseum.eu\/Blogvorm\/wp-content\/uploads\/2016\/03\/McDonnell-CF-101B-Voodoo-101027-728x442.jpg 728w, https:\/\/aviationmuseum.eu\/Blogvorm\/wp-content\/uploads\/2016\/03\/McDonnell-CF-101B-Voodoo-101027-600x365.jpg 600w, https:\/\/aviationmuseum.eu\/Blogvorm\/wp-content\/uploads\/2016\/03\/McDonnell-CF-101B-Voodoo-101027.jpg 800w\" sizes=\"auto, (max-width: 240px) 100vw, 240px\" \/><\/a><\/figure>\n\n\n\n<figure class=\"wp-block-image\"><a href=\"http:\/\/www.aviationmuseum.eu\/Blogvorm\/musee-defence-aerrienne-bagotville\/canadair-cf-100-mk-5-canuk-100472\/\" rel=\"attachment wp-att-4330\"><img loading=\"lazy\" decoding=\"async\" width=\"240\" height=\"158\" src=\"http:\/\/www.aviationmuseum.eu\/Blogvorm\/wp-content\/uploads\/2016\/03\/Canadair-CF-100-Mk.5-Canuk-100472-240x158.jpg\" alt=\"Canadair CF-100 Mk.5 Canuk 100472\/KE-437 Royal Canadian Air Force, Mus\u00e9e de la D\u00e9fence A\u00e9rrienne de Bagotville\" class=\"wp-image-4330\" srcset=\"https:\/\/aviationmuseum.eu\/Blogvorm\/wp-content\/uploads\/2016\/03\/Canadair-CF-100-Mk.5-Canuk-100472-240x158.jpg 240w, https:\/\/aviationmuseum.eu\/Blogvorm\/wp-content\/uploads\/2016\/03\/Canadair-CF-100-Mk.5-Canuk-100472-420x276.jpg 420w, https:\/\/aviationmuseum.eu\/Blogvorm\/wp-content\/uploads\/2016\/03\/Canadair-CF-100-Mk.5-Canuk-100472-728x478.jpg 728w, https:\/\/aviationmuseum.eu\/Blogvorm\/wp-content\/uploads\/2016\/03\/Canadair-CF-100-Mk.5-Canuk-100472-600x394.jpg 600w, https:\/\/aviationmuseum.eu\/Blogvorm\/wp-content\/uploads\/2016\/03\/Canadair-CF-100-Mk.5-Canuk-100472.jpg 800w\" sizes=\"auto, (max-width: 240px) 100vw, 240px\" \/><\/a><\/figure>\n\n\n\n<p>Key features of the <strong>Mus\u00e9e de la D\u00e9fence A\u00e9rrienne de Bagotville<\/strong> include:<\/p>\n\n\n\n<ol class=\"wp-block-list\">\n<li><strong>Aircraft Displays<\/strong>: A variety of aircraft, including historic fighter jets and other military aviation equipment, are showcased both indoors and outdoors.<\/li>\n\n\n\n<li><strong>Exhibits<\/strong>: The museum features detailed exhibits on the evolution of air defence, the role of the RCAF in global conflicts, and the technological advancements in aviation.<\/li>\n\n\n\n<li><strong>Interactive Experiences<\/strong>: Visitors can explore simulators and hands-on activities to better understand the experience of pilots and air force personnel.<\/li>\n\n\n\n<li><strong>Educational Programs<\/strong>: The <strong>Mus\u00e9e de la D\u00e9fence A\u00e9rrienne de Bagotville<\/strong> offers guided tours, educational workshops, and activities aimed at sharing the importance of air defence with visitors of all ages.<\/li>\n<\/ol>\n\n\n\n<p>Pictures Rob Vogelaar<\/p>\n","protected":false},"excerpt":{"rendered":"<p>The Mus\u00e9e de la D\u00e9fense A\u00e9rienne de Bagotville is known in English as the Bagotville Air Defence Museum. Located in Bagotville, Quebec, this museum highlights&#8230;<\/p>\n","protected":false},"author":2,"featured_media":0,"parent":0,"menu_order":0,"comment_status":"closed","ping_status":"closed","template":"","meta":{"footnotes":""},"class_list":["post-4328","page","type-page","status-publish","hentry"],"_links":{"self":[{"href":"https:\/\/aviationmuseum.eu\/Blogvorm\/wp-json\/wp\/v2\/pages\/4328","targetHints":{"allow":["GET"]}}],"collection":[{"href":"https:\/\/aviationmuseum.eu\/Blogvorm\/wp-json\/wp\/v2\/pages"}],"about":[{"href":"https:\/\/aviationmuseum.eu\/Blogvorm\/wp-json\/wp\/v2\/types\/page"}],"author":[{"embeddable":true,"href":"https:\/\/aviationmuseum.eu\/Blogvorm\/wp-json\/wp\/v2\/users\/2"}],"replies":[{"embeddable":true,"href":"https:\/\/aviationmuseum.eu\/Blogvorm\/wp-json\/wp\/v2\/comments?post=4328"}],"version-history":[{"count":6,"href":"https:\/\/aviationmuseum.eu\/Blogvorm\/wp-json\/wp\/v2\/pages\/4328\/revisions"}],"predecessor-version":[{"id":33160,"href":"https:\/\/aviationmuseum.eu\/Blogvorm\/wp-json\/wp\/v2\/pages\/4328\/revisions\/33160"}],"wp:attachment":[{"href":"https:\/\/aviationmuseum.eu\/Blogvorm\/wp-json\/wp\/v2\/media?parent=4328"}],"curies":[{"name":"wp","href":"https:\/\/api.w.org\/{rel}","templated":true}]}}